{"id":80,"date":"2023-04-05T18:57:01","date_gmt":"2023-04-05T16:57:01","guid":{"rendered":"https:\/\/dawidnow.whshost.com\/Fitoterapia\/?page_id=80"},"modified":"2023-04-08T17:40:32","modified_gmt":"2023-04-08T15:40:32","slug":"swierzbowiec-ludzki","status":"publish","type":"page","link":"https:\/\/dawidnow.whshost.com\/Fitoterapia\/swierzbowiec-ludzki\/","title":{"rendered":"\u015awierzbowiec ludzki"},"content":{"rendered":"\n<p>\u015awierzbowiec ludzki nale\u017cy do rodzaju roztoczy i wywo\u0142uj\u0119 chorob\u0119 zaka\u017an\u0105 \u015bwierzb. Do zaka\u017cenia dochodzi za po\u015brednictwem kontaktu bezpo\u015bredniego z nosicielem. Rzadziej do zaka\u017cenia dochodzi przez kontakt po\u015bredni z chorym, czyli np.: przez bielizn\u0119, po\u015bciel czy ubrania. Szacuje si\u0119, \u017ce os\u00f3b zaka\u017conych \u015bwierzbem mo\u017ce by\u0107 300mln ludzi na ca\u0142ym \u015bwiecie. Czynniki, kt\u00f3re sprzyjaj\u0105 zaka\u017ceniu to: niska odporno\u015b\u0107 organizmu, du\u017ce skupiska ludzi, z\u0142e warunki sanitarno \u2013 bytowe. Najcz\u0119stszymi objawami s\u0105 nory \u015bwierzbowcowe, wykwity grudkowe, p\u0119cherzyki, kt\u00f3re mog\u0105 wyst\u0119powa\u0107 na pod\u0142o\u017cu rumieniowym. Zmianom sk\u00f3rnym mo\u017ce towarzyszy\u0107 \u015bwi\u0105d o r\u00f3\u017cnym nat\u0119\u017ceniu najcz\u0119\u015bciej w nocy, gdy temperatura cia\u0142a wzrasta.<\/p>\n\n\n<div class=\"wp-block-image\">\n<figure class=\"aligncenter size-full\"><img loading=\"lazy\" decoding=\"async\" width=\"400\" height=\"230\" src=\"https:\/\/dawidnow.whshost.com\/Fitoterapia\/wp-content\/uploads\/2023\/04\/Swierzb.jpg\" alt=\"\" class=\"wp-image-236\" srcset=\"https:\/\/dawidnow.whshost.com\/Fitoterapia\/wp-content\/uploads\/2023\/04\/Swierzb.jpg 400w, https:\/\/dawidnow.whshost.com\/Fitoterapia\/wp-content\/uploads\/2023\/04\/Swierzb-300x173.jpg 300w\" sizes=\"auto, (max-width: 400px) 100vw, 400px\" \/><\/figure>\n<\/div>\n\n\n<h2 class=\"wp-block-heading\"><em>Napar na \u015bwierzbowca:<\/em><\/h2>\n\n\n\n<p><strong>Sk\u0142ad:<\/strong> li\u015bcie tymianku pospolitego, li\u015bcie bylicy pio\u0142un, li\u015bcie r\u0105cznika pospolitego.<\/p>\n\n\n\n<p><strong>Spos\u00f3b przygotowania: <\/strong>30g suszonych li\u015bci tymianku pospolitego, 30g suszonych li\u015bci bylicy pio\u0142unu, 30g suszonych li\u015bci r\u0105cznika pospolitego zala\u0107 0,5l wody, tak przygotowan\u0105 mikstur\u0119 nale\u017cy spo\u017cy\u0107 w ci\u0105gu ca\u0142ego dnia lub stosowa\u0107 jako napar do wcierania zewn\u0119trznie na okolice zaka\u017cenia.<\/p>\n\n\n\n<p>Kuracj\u0119 nale\u017cy powtarza\u0107 oko\u0142o 2 tygodni.<\/p>\n","protected":false},"excerpt":{"rendered":"<p>\u015awierzbowiec ludzki nale\u017cy do rodzaju roztoczy i wywo\u0142uj\u0119 chorob\u0119 zaka\u017an\u0105 \u015bwierzb. Do zaka\u017cenia dochodzi za&#8230;<\/p>\n","protected":false},"author":1,"featured_media":0,"parent":0,"menu_order":0,"comment_status":"closed","ping_status":"closed","template":"","meta":{"footnotes":""},"class_list":["post-80","page","type-page","status-publish","hentry"],"_links":{"self":[{"href":"https:\/\/dawidnow.whshost.com\/Fitoterapia\/wp-json\/wp\/v2\/pages\/80","targetHints":{"allow":["GET"]}}],"collection":[{"href":"https:\/\/dawidnow.whshost.com\/Fitoterapia\/wp-json\/wp\/v2\/pages"}],"about":[{"href":"https:\/\/dawidnow.whshost.com\/Fitoterapia\/wp-json\/wp\/v2\/types\/page"}],"author":[{"embeddable":true,"href":"https:\/\/dawidnow.whshost.com\/Fitoterapia\/wp-json\/wp\/v2\/users\/1"}],"replies":[{"embeddable":true,"href":"https:\/\/dawidnow.whshost.com\/Fitoterapia\/wp-json\/wp\/v2\/comments?post=80"}],"version-history":[{"count":3,"href":"https:\/\/dawidnow.whshost.com\/Fitoterapia\/wp-json\/wp\/v2\/pages\/80\/revisions"}],"predecessor-version":[{"id":269,"href":"https:\/\/dawidnow.whshost.com\/Fitoterapia\/wp-json\/wp\/v2\/pages\/80\/revisions\/269"}],"wp:attachment":[{"href":"https:\/\/dawidnow.whshost.com\/Fitoterapia\/wp-json\/wp\/v2\/media?parent=80"}],"curies":[{"name":"wp","href":"https:\/\/api.w.org\/{rel}","templated":true}]}}