{"id":79,"date":"2023-04-05T18:57:01","date_gmt":"2023-04-05T16:57:01","guid":{"rendered":"https:\/\/dawidnow.whshost.com\/Fitoterapia\/?page_id=79"},"modified":"2023-06-29T23:28:05","modified_gmt":"2023-06-29T21:28:05","slug":"nuzeniec-ludzki","status":"publish","type":"page","link":"https:\/\/dawidnow.whshost.com\/Fitoterapia\/nuzeniec-ludzki\/","title":{"rendered":"Nu\u017ceniec ludzki"},"content":{"rendered":"\n<p>Nu\u017ceniec ludzki nale\u017cy do rz\u0119du roztoczy, kt\u00f3re bytuj\u0105 na cz\u0142owieku. Jest to paso\u017cyt bardzo ma\u0142ych rozmiar\u00f3w, kt\u00f3ry zamieszkuje g\u0142\u00f3wnie obszary sk\u00f3ry bogate w gruczo\u0142y \u0142ojowe. Nu\u017ceniec przywiera do powierzchni t\u0142ustej sk\u00f3ry, po czym wnika do por\u00f3w sk\u00f3rnych. Symptomy, kt\u00f3re wyst\u0119puj\u0105 przy wyst\u0119powaniu nu\u017ce\u0144ca to: uczucie sw\u0119dzenia, uczucie pieczenia, wysypka, rumie\u0144, tr\u0105dzik r\u00f3\u017cowaty oraz wykwity ropne. Nu\u017ceniec przenoszony jest wraz z kurzem lub przez bezpo\u015bredni kontakt z osob\u0105 zara\u017con\u0105 tym paso\u017cytem.<\/p>\n\n\n<div class=\"wp-block-image\">\n<figure class=\"aligncenter size-full\"><img loading=\"lazy\" decoding=\"async\" width=\"813\" height=\"691\" src=\"https:\/\/dawidnow.whshost.com\/Fitoterapia\/wp-content\/uploads\/2023\/04\/Nuzeniec.jpg\" alt=\"\" class=\"wp-image-186\" srcset=\"https:\/\/dawidnow.whshost.com\/Fitoterapia\/wp-content\/uploads\/2023\/04\/Nuzeniec.jpg 813w, https:\/\/dawidnow.whshost.com\/Fitoterapia\/wp-content\/uploads\/2023\/04\/Nuzeniec-300x255.jpg 300w, https:\/\/dawidnow.whshost.com\/Fitoterapia\/wp-content\/uploads\/2023\/04\/Nuzeniec-768x653.jpg 768w\" sizes=\"auto, (max-width: 813px) 100vw, 813px\" \/><\/figure>\n<\/div>\n\n\n<h2 class=\"wp-block-heading\"><em>P\u0142yn na nu\u017ce\u0144ca:<\/em><\/h2>\n\n\n\n<p><strong>Sk\u0142ad:<\/strong> Wyci\u0105g z wrotyczy pospolitej, wyci\u0105g z bylicy pio\u0142un, wyci\u0105g z sza\u0142wii pospolitej<\/p>\n\n\n\n<p><strong>Spos\u00f3b przygotowania:<\/strong> 15ml wyci\u0105gu z wrotyczy pospolitej, 15ml wyci\u0105gu z bylicy pio\u0142un i 10ml wyci\u0105gu z sza\u0142wii pospolitej wymiesza\u0107 ze sob\u0105 i przela\u0107 do butelki z atomizerem i tak wygotowan\u0105 mieszank\u0105 spryska\u0107 3 razy dziennie okolice zaka\u017cenia.<\/p>\n\n\n\n<p>Kuracj\u0119 nale\u017cy powtarza\u0107 oko\u0142o 2 tygodni.<\/p>\n","protected":false},"excerpt":{"rendered":"<p>Nu\u017ceniec ludzki nale\u017cy do rz\u0119du roztoczy, kt\u00f3re bytuj\u0105 na cz\u0142owieku. Jest to paso\u017cyt bardzo ma\u0142ych&#8230;<\/p>\n","protected":false},"author":1,"featured_media":0,"parent":0,"menu_order":0,"comment_status":"closed","ping_status":"closed","template":"","meta":{"footnotes":""},"class_list":["post-79","page","type-page","status-publish","hentry"],"_links":{"self":[{"href":"https:\/\/dawidnow.whshost.com\/Fitoterapia\/wp-json\/wp\/v2\/pages\/79","targetHints":{"allow":["GET"]}}],"collection":[{"href":"https:\/\/dawidnow.whshost.com\/Fitoterapia\/wp-json\/wp\/v2\/pages"}],"about":[{"href":"https:\/\/dawidnow.whshost.com\/Fitoterapia\/wp-json\/wp\/v2\/types\/page"}],"author":[{"embeddable":true,"href":"https:\/\/dawidnow.whshost.com\/Fitoterapia\/wp-json\/wp\/v2\/users\/1"}],"replies":[{"embeddable":true,"href":"https:\/\/dawidnow.whshost.com\/Fitoterapia\/wp-json\/wp\/v2\/comments?post=79"}],"version-history":[{"count":6,"href":"https:\/\/dawidnow.whshost.com\/Fitoterapia\/wp-json\/wp\/v2\/pages\/79\/revisions"}],"predecessor-version":[{"id":281,"href":"https:\/\/dawidnow.whshost.com\/Fitoterapia\/wp-json\/wp\/v2\/pages\/79\/revisions\/281"}],"wp:attachment":[{"href":"https:\/\/dawidnow.whshost.com\/Fitoterapia\/wp-json\/wp\/v2\/media?parent=79"}],"curies":[{"name":"wp","href":"https:\/\/api.w.org\/{rel}","templated":true}]}}