{"id":78,"date":"2023-04-05T18:57:01","date_gmt":"2023-04-05T16:57:01","guid":{"rendered":"https:\/\/dawidnow.whshost.com\/Fitoterapia\/?page_id=78"},"modified":"2023-04-08T17:39:05","modified_gmt":"2023-04-08T15:39:05","slug":"wesz-ludzka","status":"publish","type":"page","link":"https:\/\/dawidnow.whshost.com\/Fitoterapia\/wesz-ludzka\/","title":{"rendered":"Wesz ludzka"},"content":{"rendered":"\n<p>Wszy s\u0105 to owady, kt\u00f3re od\u017cywiaj\u0105 si\u0119 krwi\u0105 bezpo\u015brednio pobieran\u0105 z naczy\u0144 krwiono\u015bnych nosiciela. Wszy posiadaj\u0105 odn\u00f3\u017ca czepne umo\u017cliwiaj\u0105ce przyczepianie si\u0119 do w\u0142os\u00f3w. Wesz jest wra\u017cliwa na temperatur\u0119 cia\u0142a, je\u017celi \u017cywiciel umiera to prawie natychmiast opuszczaj\u0105 zw\u0142oki w poszukiwaniu nowego, je\u017celi tego nie zrobi\u0105 same szybko gin\u0105. Wszy nie posiadaj\u0105 skrzyde\u0142, do przemieszczania na wi\u0119ksze odleg\u0142o\u015bci wykorzystuj\u0105 mo\u017cliwo\u015b\u0107 przyczepienia si\u0119 do w\u0142osk\u00f3w na ciele much narzepikowatych. Wszy posiadaj\u0105 r\u00f3\u017cne ubarwienie, od bia\u0142awego do brunatnego, zmienia si\u0119 ono proporcjonalnie ze stopniem od\u017cywienia wszy, osobniki opite krwi\u0105 s\u0105 ciemniejsze. Wszy posiadaj\u0105 aparat g\u0119bowy typu k\u0142uj\u0105co-ss\u0105cego, kt\u00f3ry jest dostosowany do pobierania krwi. W k\u0142ujce nie znajduje si\u0119 przew\u00f3d do wysysania krwi, s ta budowa aparatu g\u0119bowego odr\u00f3\u017cnia wesz od innych owad\u00f3w z tym typem aparatu. Jest to typ rozwoju owad\u00f3w z\u0142o\u017cony z przeobra\u017ceniem niezupe\u0142nym. Postacie m\u0142ode bytuj\u0105 na \u017cywicielu, w tym samym \u015brodowisku co osobniki doros\u0142e. Na \u017cywicielu przebywaj\u0105 wszystkie stadia rozwojowe. Rozw\u00f3j zarodkowy w jaju trwa od 1 do 2 tygodni.<\/p>\n\n\n<div class=\"wp-block-image\">\n<figure class=\"aligncenter size-full is-resized\"><img loading=\"lazy\" decoding=\"async\" src=\"https:\/\/dawidnow.whshost.com\/Fitoterapia\/wp-content\/uploads\/2023\/04\/wesz.jpg\" alt=\"\" class=\"wp-image-256\" width=\"568\" height=\"426\" srcset=\"https:\/\/dawidnow.whshost.com\/Fitoterapia\/wp-content\/uploads\/2023\/04\/wesz.jpg 1000w, https:\/\/dawidnow.whshost.com\/Fitoterapia\/wp-content\/uploads\/2023\/04\/wesz-300x225.jpg 300w, https:\/\/dawidnow.whshost.com\/Fitoterapia\/wp-content\/uploads\/2023\/04\/wesz-768x576.jpg 768w\" sizes=\"auto, (max-width: 568px) 100vw, 568px\" \/><\/figure>\n<\/div>\n\n\n<h2 class=\"wp-block-heading\"><em>Olejek na wesz:<strong> <\/strong><\/em><\/h2>\n\n\n\n<p><strong>Sk\u0142ad:<\/strong> Olejek z lebiodki pospolitej, olejek z czarnuszki<\/p>\n\n\n\n<p><strong>Spos\u00f3b przygotowania: <\/strong>Olejek z lebiodki 15ml wymiesza\u0107 z olejkiem z czarnuszki 15ml. Tak przygotowan\u0105 mieszank\u0119 nale\u017cy nak\u0142ada\u0107 dwa razy dziennie wcieraj\u0105c okr\u0119\u017cnymi ruchami w sk\u00f3r\u0119 g\u0142owy.<\/p>\n\n\n\n<p>Kuracj\u0119 nale\u017cy powtarza\u0107 przez tydzie\u0144<\/p>\n","protected":false},"excerpt":{"rendered":"<p>Wszy s\u0105 to owady, kt\u00f3re od\u017cywiaj\u0105 si\u0119 krwi\u0105 bezpo\u015brednio pobieran\u0105 z naczy\u0144 krwiono\u015bnych nosiciela. Wszy&#8230;<\/p>\n","protected":false},"author":1,"featured_media":0,"parent":0,"menu_order":0,"comment_status":"closed","ping_status":"closed","template":"","meta":{"footnotes":""},"class_list":["post-78","page","type-page","status-publish","hentry"],"_links":{"self":[{"href":"https:\/\/dawidnow.whshost.com\/Fitoterapia\/wp-json\/wp\/v2\/pages\/78","targetHints":{"allow":["GET"]}}],"collection":[{"href":"https:\/\/dawidnow.whshost.com\/Fitoterapia\/wp-json\/wp\/v2\/pages"}],"about":[{"href":"https:\/\/dawidnow.whshost.com\/Fitoterapia\/wp-json\/wp\/v2\/types\/page"}],"author":[{"embeddable":true,"href":"https:\/\/dawidnow.whshost.com\/Fitoterapia\/wp-json\/wp\/v2\/users\/1"}],"replies":[{"embeddable":true,"href":"https:\/\/dawidnow.whshost.com\/Fitoterapia\/wp-json\/wp\/v2\/comments?post=78"}],"version-history":[{"count":4,"href":"https:\/\/dawidnow.whshost.com\/Fitoterapia\/wp-json\/wp\/v2\/pages\/78\/revisions"}],"predecessor-version":[{"id":267,"href":"https:\/\/dawidnow.whshost.com\/Fitoterapia\/wp-json\/wp\/v2\/pages\/78\/revisions\/267"}],"wp:attachment":[{"href":"https:\/\/dawidnow.whshost.com\/Fitoterapia\/wp-json\/wp\/v2\/media?parent=78"}],"curies":[{"name":"wp","href":"https:\/\/api.w.org\/{rel}","templated":true}]}}