{"id":77,"date":"2023-04-05T18:57:01","date_gmt":"2023-04-05T16:57:01","guid":{"rendered":"https:\/\/dawidnow.whshost.com\/Fitoterapia\/?page_id=77"},"modified":"2023-04-08T17:45:40","modified_gmt":"2023-04-08T15:45:40","slug":"wlosoglowka","status":"publish","type":"page","link":"https:\/\/dawidnow.whshost.com\/Fitoterapia\/wlosoglowka\/","title":{"rendered":"W\u0142osog\u0142\u00f3wka"},"content":{"rendered":"\n<p>W\u0142osog\u0142\u00f3wka jest zaliczana do nicieni, s\u0105 to zwierz\u0119ta bezkr\u0119gowe, w starszych dokumentach by\u0142y one klasyfikowane jako oble\u0144ce. Ich g\u0142\u00f3wnym \u015brodowiskiem zamieszkania jest \u015brodowisko wodne oraz gleba. Najcz\u0119\u015bciej paso\u017cytuj\u0105 u ro\u015blin i zwierz\u0105t, rzadziej u cz\u0142owieka. W\u0142osog\u0142\u00f3wka to paso\u017cyt wyst\u0119puj\u0105cy w jelicie \u015blepym, rzadziej w jelicie grubym. Zaka\u017cenie w\u0142osog\u0142\u00f3wk\u0105 powoduje zesp\u00f3\u0142 objaw\u00f3w chorobowych nazywanych w\u0142osog\u0142\u00f3wczyc\u0105 lub trychocefaloz\u0105. Do zaka\u017cenia mo\u017ce dochodzi\u0107 drog\u0105 pokarmow\u0105. W\u0142osog\u0142\u00f3wka od\u017cywia si\u0119 krwi\u0105 gospodarza, a to mo\u017ce powodowa\u0107 anemi\u0119. Najcz\u0119stsze objawy trychocefalozy to og\u00f3lne os\u0142abienie, zawroty g\u0142owy, obrz\u0119ki twarzy, nadmiern\u0105 pobudliwo\u015b\u0107 chorego oraz reakcje alergiczne, chocia\u017c mo\u017ce ona te\u017c przebiega\u0107 bezobjawowo. Gdy dochodzi do masowego zaka\u017cenia, mo\u017ce doj\u015b\u0107 do ca\u0142kowitego braku dro\u017cno\u015bci jelit. <\/p>\n\n\n<div class=\"wp-block-image\">\n<figure class=\"aligncenter size-full\"><img loading=\"lazy\" decoding=\"async\" width=\"600\" height=\"400\" src=\"https:\/\/dawidnow.whshost.com\/Fitoterapia\/wp-content\/uploads\/2023\/04\/wlosoglowka.jpg\" alt=\"\" class=\"wp-image-259\" srcset=\"https:\/\/dawidnow.whshost.com\/Fitoterapia\/wp-content\/uploads\/2023\/04\/wlosoglowka.jpg 600w, https:\/\/dawidnow.whshost.com\/Fitoterapia\/wp-content\/uploads\/2023\/04\/wlosoglowka-300x200.jpg 300w\" sizes=\"auto, (max-width: 600px) 100vw, 600px\" \/><\/figure>\n<\/div>\n\n\n<h2 class=\"wp-block-heading\"><em>Mieszanka zi\u00f3\u0142 do k\u0105pieli na w\u0142osog\u0142\u00f3wk\u0119:<\/em><\/h2>\n\n\n\n<p><strong>Sk\u0142ad:<\/strong> li\u015bcie tymianku pospolitego, li\u015bcie mi\u0119ty pieprzowej, li\u015bcie orzecha czarnego, owoce kopru w\u0142oskiego, algi morskie, pestki dyni, orzechy migda\u0142owca zwyczajnego, olej rycynowy<\/p>\n\n\n\n<p><strong>Spos\u00f3b przygotowania:<\/strong> 100g li\u015bci tymianku, 60g li\u015bci mi\u0119ty pieprzowej, 100g li\u015bci z orzecha czarnego, 60g kopru w\u0142oskiego, 100g alg morskich zala\u0107 5l wrz\u0105tku i parzy\u0107 pod przykryciem przez 15min. Tak przygotowany napar wlewamy do wanny i uzupe\u0142niamy wod\u0105. Przez kilka minut siedzimy w wannie, obmywaj\u0105c cia\u0142o zio\u0142ow\u0105 wod\u0105.<\/p>\n\n\n\n<p>30min przed wykonaniem takiej k\u0105pieli warto spo\u017cy\u0107 past\u0119 z 5g pestek dyni, 5g orzech\u00f3w migda\u0142owca zwyczajnego i 5ml oleju rycynowego. Past\u0119 przed spo\u017cyciem ucieramy w mo\u017adzierzu.<\/p>\n\n\n\n<p>Taki zabieg mo\u017cna powtarza\u0107 2-3 razy w tygodniu. Kuracj\u0119 nale\u017cy stosowa\u0107 oko\u0142o 2 tygodni.<\/p>\n","protected":false},"excerpt":{"rendered":"<p>W\u0142osog\u0142\u00f3wka jest zaliczana do nicieni, s\u0105 to zwierz\u0119ta bezkr\u0119gowe, w starszych dokumentach by\u0142y one klasyfikowane&#8230;<\/p>\n","protected":false},"author":1,"featured_media":0,"parent":0,"menu_order":0,"comment_status":"closed","ping_status":"closed","template":"","meta":{"footnotes":""},"class_list":["post-77","page","type-page","status-publish","hentry"],"_links":{"self":[{"href":"https:\/\/dawidnow.whshost.com\/Fitoterapia\/wp-json\/wp\/v2\/pages\/77","targetHints":{"allow":["GET"]}}],"collection":[{"href":"https:\/\/dawidnow.whshost.com\/Fitoterapia\/wp-json\/wp\/v2\/pages"}],"about":[{"href":"https:\/\/dawidnow.whshost.com\/Fitoterapia\/wp-json\/wp\/v2\/types\/page"}],"author":[{"embeddable":true,"href":"https:\/\/dawidnow.whshost.com\/Fitoterapia\/wp-json\/wp\/v2\/users\/1"}],"replies":[{"embeddable":true,"href":"https:\/\/dawidnow.whshost.com\/Fitoterapia\/wp-json\/wp\/v2\/comments?post=77"}],"version-history":[{"count":3,"href":"https:\/\/dawidnow.whshost.com\/Fitoterapia\/wp-json\/wp\/v2\/pages\/77\/revisions"}],"predecessor-version":[{"id":273,"href":"https:\/\/dawidnow.whshost.com\/Fitoterapia\/wp-json\/wp\/v2\/pages\/77\/revisions\/273"}],"wp:attachment":[{"href":"https:\/\/dawidnow.whshost.com\/Fitoterapia\/wp-json\/wp\/v2\/media?parent=77"}],"curies":[{"name":"wp","href":"https:\/\/api.w.org\/{rel}","templated":true}]}}