{"id":76,"date":"2023-04-05T18:57:01","date_gmt":"2023-04-05T16:57:01","guid":{"rendered":"https:\/\/dawidnow.whshost.com\/Fitoterapia\/?page_id=76"},"modified":"2023-04-08T17:43:09","modified_gmt":"2023-04-08T15:43:09","slug":"wegorek-jelitowy","status":"publish","type":"page","link":"https:\/\/dawidnow.whshost.com\/Fitoterapia\/wegorek-jelitowy\/","title":{"rendered":"W\u0119gorek jelitowy"},"content":{"rendered":"\n<p>W\u0119gorek jelitowy to paso\u017cyt wyst\u0119puj\u0105cy w jelitach i p\u0142ucach cz\u0142owieka. Najcz\u0119\u015bciej mo\u017cna nim si\u0119 zarazi\u0107 w wilgotnych i jednocze\u015bnie gor\u0105cych obszarach Ameryki Po\u0142udniowej, Afryki i Azji. W klimacie umiarkowanym najcz\u0119\u015bciej wyst\u0119puj\u0105 w specjalnych warunkach mikroklimatu kopalni, tuneli i cegielni. W\u0119gorek jelitowy nale\u017cy do grupy nicieni i wywo\u0142uje w\u0119gorczyce. W\u0119gorek mo\u017ce zara\u017ca\u0107 \u017cywiciela i rozwija\u0107 si\u0119 na drodze autoinwazji. Do autoegzoinwazji mo\u017ce prowadzi\u0107 brak higieny osobistej. W tedy larwy rabtitopodobne przechodz\u0105 w dogodnych warunkach rozw\u00f3j w okolicach oko\u0142oodbytniczych, gdzie wnikaj\u0105 przez \u015bluz\u00f3wk\u0119 lub sk\u00f3r\u0119 do organizmu tego samego \u017cywiciela.<\/p>\n\n\n<div class=\"wp-block-image\">\n<figure class=\"aligncenter size-large is-resized\"><img loading=\"lazy\" decoding=\"async\" src=\"https:\/\/dawidnow.whshost.com\/Fitoterapia\/wp-content\/uploads\/2023\/04\/Wegorek-1000x1024.jpg\" alt=\"\" class=\"wp-image-253\" width=\"557\" height=\"570\" srcset=\"https:\/\/dawidnow.whshost.com\/Fitoterapia\/wp-content\/uploads\/2023\/04\/Wegorek-1000x1024.jpg 1000w, https:\/\/dawidnow.whshost.com\/Fitoterapia\/wp-content\/uploads\/2023\/04\/Wegorek-293x300.jpg 293w, https:\/\/dawidnow.whshost.com\/Fitoterapia\/wp-content\/uploads\/2023\/04\/Wegorek-768x787.jpg 768w, https:\/\/dawidnow.whshost.com\/Fitoterapia\/wp-content\/uploads\/2023\/04\/Wegorek-1500x1536.jpg 1500w, https:\/\/dawidnow.whshost.com\/Fitoterapia\/wp-content\/uploads\/2023\/04\/Wegorek-1024x1049.jpg 1024w, https:\/\/dawidnow.whshost.com\/Fitoterapia\/wp-content\/uploads\/2023\/04\/Wegorek.jpg 1562w\" sizes=\"auto, (max-width: 557px) 100vw, 557px\" \/><\/figure>\n<\/div>\n\n\n<h2 class=\"wp-block-heading\"><em>Napar na w\u0119gorka jelitowego<\/em>:<\/h2>\n\n\n\n<p><strong>Sk\u0142ad:<\/strong> li\u015bcie bylicy pio\u0142unu, nasiona dyni zwyczajnej, kwiaty i p\u0105ki go\u017adzikowca korzennego, li\u015bcie tymianku pospolitego, nasiona kopru w\u0142oskiego, li\u015bcie lebiodki pospolitej, cebula czosnku nied\u017awiedziego.<\/p>\n\n\n\n<p><strong>Spos\u00f3b przygotowania:<\/strong> 20g li\u015bci bylicy pio\u0142un, 20g nasion dyni, 10g kwiat\u00f3w i 10g p\u0105k\u00f3w go\u017adzikowca korzennego, 20g li\u015bci tymianku pospolitego, 20g nasion kopru w\u0142oskiego, 30g li\u015bci lebiodki pospolitej, 50g cebuli czosnku nied\u017awiedziego umie\u015bci\u0107 w mo\u017adzierzu i dok\u0142adnie je utrze\u0107. Tak przygotowan\u0105 mieszank\u0119 nale\u017cy zala\u0107 4 szklankami wrz\u0105cej wody, parzy\u0107 pod przykryciem przez 15minut, przecedzi\u0107 oraz przela\u0107 do kubka termicznego lub termosu, tak przygotowan\u0105 porcj\u0119 naparu nale\u017cy wypi\u0107 ciep\u0142\u0105 w ci\u0105gu dnia.<\/p>\n\n\n\n<p>Kuracj\u0119 nale\u017cy powtarza\u0107 oko\u0142o 3 tygodni.<\/p>\n","protected":false},"excerpt":{"rendered":"<p>W\u0119gorek jelitowy to paso\u017cyt wyst\u0119puj\u0105cy w jelitach i p\u0142ucach cz\u0142owieka. Najcz\u0119\u015bciej mo\u017cna nim si\u0119 zarazi\u0107&#8230;<\/p>\n","protected":false},"author":1,"featured_media":0,"parent":0,"menu_order":0,"comment_status":"closed","ping_status":"closed","template":"","meta":{"footnotes":""},"class_list":["post-76","page","type-page","status-publish","hentry"],"_links":{"self":[{"href":"https:\/\/dawidnow.whshost.com\/Fitoterapia\/wp-json\/wp\/v2\/pages\/76","targetHints":{"allow":["GET"]}}],"collection":[{"href":"https:\/\/dawidnow.whshost.com\/Fitoterapia\/wp-json\/wp\/v2\/pages"}],"about":[{"href":"https:\/\/dawidnow.whshost.com\/Fitoterapia\/wp-json\/wp\/v2\/types\/page"}],"author":[{"embeddable":true,"href":"https:\/\/dawidnow.whshost.com\/Fitoterapia\/wp-json\/wp\/v2\/users\/1"}],"replies":[{"embeddable":true,"href":"https:\/\/dawidnow.whshost.com\/Fitoterapia\/wp-json\/wp\/v2\/comments?post=76"}],"version-history":[{"count":4,"href":"https:\/\/dawidnow.whshost.com\/Fitoterapia\/wp-json\/wp\/v2\/pages\/76\/revisions"}],"predecessor-version":[{"id":272,"href":"https:\/\/dawidnow.whshost.com\/Fitoterapia\/wp-json\/wp\/v2\/pages\/76\/revisions\/272"}],"wp:attachment":[{"href":"https:\/\/dawidnow.whshost.com\/Fitoterapia\/wp-json\/wp\/v2\/media?parent=76"}],"curies":[{"name":"wp","href":"https:\/\/api.w.org\/{rel}","templated":true}]}}