{"id":75,"date":"2023-04-05T18:57:01","date_gmt":"2023-04-05T16:57:01","guid":{"rendered":"https:\/\/dawidnow.whshost.com\/Fitoterapia\/?page_id=75"},"modified":"2023-04-08T18:17:34","modified_gmt":"2023-04-08T16:17:34","slug":"tegoryjec-dwunastnicy","status":"publish","type":"page","link":"https:\/\/dawidnow.whshost.com\/Fitoterapia\/tegoryjec-dwunastnicy\/","title":{"rendered":"T\u0119goryjec dwunastnicy"},"content":{"rendered":"\n<p>T\u0119goryjce s\u0105 to krwiopijne nicienie, kt\u00f3re paso\u017cytuj\u0105 u ludzi i zwierz\u0105t. Tymi paso\u017cytami do zara\u017cenia mo\u017ce doj\u015b\u0107 przez sk\u00f3r\u0119, drog\u0105 alimentarn\u0105, transplacentarn\u0105 lub laktogenn\u0105.<a id=\"sdfootnote1anc\" href=\"#sdfootnote1sym\"><sup>1<\/sup><\/a> Przedstawiciele tej rodziny zara\u017caj\u0105 takie zwierz\u0119ta jak kotowate, psowate, a tak\u017ce prze\u017cuwacze, co przyczynia si\u0119 do strat ekonomicznych w gospodarstwach. Istniej\u0105 dwa gatunki t\u0119goryjc\u00f3w wyst\u0119puj\u0105cych jedynie u cz\u0142owieka: Necator americanus i Ancylostoma duodenale. Przypadkowymi gospodarzami dla t\u0119goryjca s\u0105 ludzie. W skutek bezpo\u015bredniego kontaktu z zaka\u017con\u0105 gleb\u0105 lub piaskiem nitkowate larwy wnikaj\u0105 w sk\u00f3r\u0119. <\/p>\n\n\n<div class=\"wp-block-image\">\n<figure class=\"aligncenter size-full\"><img loading=\"lazy\" decoding=\"async\" width=\"820\" height=\"460\" src=\"https:\/\/dawidnow.whshost.com\/Fitoterapia\/wp-content\/uploads\/2023\/04\/tegoryjec.png\" alt=\"\" class=\"wp-image-245\" srcset=\"https:\/\/dawidnow.whshost.com\/Fitoterapia\/wp-content\/uploads\/2023\/04\/tegoryjec.png 820w, https:\/\/dawidnow.whshost.com\/Fitoterapia\/wp-content\/uploads\/2023\/04\/tegoryjec-300x168.png 300w, https:\/\/dawidnow.whshost.com\/Fitoterapia\/wp-content\/uploads\/2023\/04\/tegoryjec-768x431.png 768w\" sizes=\"auto, (max-width: 820px) 100vw, 820px\" \/><\/figure>\n<\/div>\n\n\n<h2 class=\"wp-block-heading\"><em>Napar na paso\u017cyty jelitowe:<\/em><\/h2>\n\n\n\n<p><strong>Sk\u0142ad:<\/strong> Li\u015bcie mi\u0119ty pieprzowej, li\u015bcie bylicy pio\u0142unu, li\u015bcie tymianku pospolitego, li\u015bcie wrotycza pospolitego, li\u015bcie lebiodki pospolitej, p\u0105ki drzewa go\u017adzikowca, pestki dyni olbrzymiej, owoc kopru w\u0142oskiego.<\/p>\n\n\n\n<p><strong>Spos\u00f3b przygotowania:<\/strong> Do du\u017cego pojemnika szczelnie zamykanego wsypa\u0107 po 120g ka\u017cdego z zi\u00f3\u0142, a nast\u0119pnie wymiesza\u0107. 2 \u0142y\u017cki tak przygotowanej mieszanki zala\u0107 4 szklankami wrz\u0105cej wody, parzy\u0107 pod przykryciem przez 15minut, przecedzi\u0107 oraz przela\u0107 do kubka termicznego lub termosu, tak przygotowan\u0105 porcj\u0119 naparu nale\u017cy wypi\u0107 ciep\u0142\u0105 w ci\u0105gu dnia.<\/p>\n\n\n\n<p>Kuracj\u0119 nale\u017cy stosowa\u0107 przez miesi\u0105c, podane proporcj\u0119 wystarcz\u0105 na ok. 2 tygodnie u\u017cytkowania.<\/p>\n","protected":false},"excerpt":{"rendered":"<p>T\u0119goryjce s\u0105 to krwiopijne nicienie, kt\u00f3re paso\u017cytuj\u0105 u ludzi i zwierz\u0105t. Tymi paso\u017cytami do zara\u017cenia&#8230;<\/p>\n","protected":false},"author":1,"featured_media":0,"parent":0,"menu_order":0,"comment_status":"closed","ping_status":"closed","template":"","meta":{"footnotes":""},"class_list":["post-75","page","type-page","status-publish","hentry"],"_links":{"self":[{"href":"https:\/\/dawidnow.whshost.com\/Fitoterapia\/wp-json\/wp\/v2\/pages\/75","targetHints":{"allow":["GET"]}}],"collection":[{"href":"https:\/\/dawidnow.whshost.com\/Fitoterapia\/wp-json\/wp\/v2\/pages"}],"about":[{"href":"https:\/\/dawidnow.whshost.com\/Fitoterapia\/wp-json\/wp\/v2\/types\/page"}],"author":[{"embeddable":true,"href":"https:\/\/dawidnow.whshost.com\/Fitoterapia\/wp-json\/wp\/v2\/users\/1"}],"replies":[{"embeddable":true,"href":"https:\/\/dawidnow.whshost.com\/Fitoterapia\/wp-json\/wp\/v2\/comments?post=75"}],"version-history":[{"count":3,"href":"https:\/\/dawidnow.whshost.com\/Fitoterapia\/wp-json\/wp\/v2\/pages\/75\/revisions"}],"predecessor-version":[{"id":279,"href":"https:\/\/dawidnow.whshost.com\/Fitoterapia\/wp-json\/wp\/v2\/pages\/75\/revisions\/279"}],"wp:attachment":[{"href":"https:\/\/dawidnow.whshost.com\/Fitoterapia\/wp-json\/wp\/v2\/media?parent=75"}],"curies":[{"name":"wp","href":"https:\/\/api.w.org\/{rel}","templated":true}]}}