{"id":74,"date":"2023-04-05T18:57:01","date_gmt":"2023-04-05T16:57:01","guid":{"rendered":"https:\/\/dawidnow.whshost.com\/Fitoterapia\/?page_id=74"},"modified":"2023-04-08T17:41:31","modified_gmt":"2023-04-08T15:41:31","slug":"tasiemiec","status":"publish","type":"page","link":"https:\/\/dawidnow.whshost.com\/Fitoterapia\/tasiemiec\/","title":{"rendered":"Tasiemiec"},"content":{"rendered":"\n<p>Wyst\u0119puje wiele gatunk\u00f3w tasiemca, do tych najcz\u0119\u015bciej wyst\u0119puj\u0105cych u ludzi nale\u017c\u0105:<\/p>\n\n\n\n<ul class=\"wp-block-list\">\n<li>tasiemiec nieuzbrojony<\/li>\n\n\n\n<li>tasiemiec uzbrojony<\/li>\n\n\n\n<li>tasiemiec b\u0105blowcowy jednojamowy<\/li>\n\n\n\n<li>tasiemiec b\u0105blowcowy wielojamowy<\/li>\n\n\n\n<li>tasiemiec kar\u0142owaty<\/li>\n<\/ul>\n\n\n\n<p>Tasiemiec nieuzbrojony nale\u017cy do gatunk\u00f3w kosmopolitycznych. Obecnie rzadko wyst\u0119puje w Polsce, ale za to odpowiada za ponad 90% wykrywanych tasiemczyc. <\/p>\n\n\n\n<p>Do najcz\u0119stszych objaw\u00f3w zalicza si\u0119:<\/p>\n\n\n\n<ul class=\"wp-block-list\">\n<li>b\u00f3l nadbrzusza,<\/li>\n\n\n\n<li>nudno\u015bci,<\/li>\n\n\n\n<li>wymioty,<\/li>\n\n\n\n<li>zawroty g\u0142owy,<\/li>\n\n\n\n<li>poranne b\u00f3le g\u0142odowe z uczuciem ssania,<\/li>\n\n\n\n<li>wzrost \u0142aknienia lub jego upo\u015bledzenie,<\/li>\n\n\n\n<li>os\u0142abienie,<\/li>\n\n\n\n<li>niedro\u017cno\u015b\u0107 jelit,<\/li>\n\n\n\n<li>brak przyrostu masy cia\u0142a (u dzieci),<\/li>\n\n\n\n<li>zaburzenia wzrostu (u dzieci)<\/li>\n<\/ul>\n\n\n\n<figure class=\"wp-block-image size-large\"><img loading=\"lazy\" decoding=\"async\" width=\"1024\" height=\"683\" src=\"https:\/\/dawidnow.whshost.com\/Fitoterapia\/wp-content\/uploads\/2023\/04\/tasiemiec-1024x683.png\" alt=\"\" class=\"wp-image-242\" srcset=\"https:\/\/dawidnow.whshost.com\/Fitoterapia\/wp-content\/uploads\/2023\/04\/tasiemiec-1024x683.png 1024w, https:\/\/dawidnow.whshost.com\/Fitoterapia\/wp-content\/uploads\/2023\/04\/tasiemiec-300x200.png 300w, https:\/\/dawidnow.whshost.com\/Fitoterapia\/wp-content\/uploads\/2023\/04\/tasiemiec-768x512.png 768w, https:\/\/dawidnow.whshost.com\/Fitoterapia\/wp-content\/uploads\/2023\/04\/tasiemiec-1536x1024.png 1536w, https:\/\/dawidnow.whshost.com\/Fitoterapia\/wp-content\/uploads\/2023\/04\/tasiemiec.png 1920w\" sizes=\"auto, (max-width: 1024px) 100vw, 1024px\" \/><\/figure>\n\n\n\n<h2 class=\"wp-block-heading\"><em>Napar na tasiemca ludzkiego:<\/em><\/h2>\n\n\n\n<p><strong>Sk\u0142ad:<\/strong> tymianku pospolitego, li\u015bci mi\u0119ty pieprzowej, li\u015bci orzecha czarnego, li\u015bci bylicy pio\u0142unu<\/p>\n\n\n\n<p><strong>Spos\u00f3b przygotowania:<\/strong> Do du\u017cego pojemnika szczelnie zamykanego wsypa\u0107 60g tymianku pospolitego, 40g li\u015bci mi\u0119ty pieprzowej, 40g li\u015bci orzecha czarnego, 20g li\u015bci bylicy pio\u0142unu, a nast\u0119pnie wymiesza\u0107. 2 \u0142y\u017cki tak przygotowanej mieszanki zala\u0107 2 szklankami wrz\u0105cej wody, parzy\u0107 pod przykryciem przez 15minut, przecedzi\u0107 oraz przela\u0107 do kubka termicznego lub termosu, tak przygotowan\u0105 porcj\u0119 naparu nale\u017cy wypi\u0107 ciep\u0142\u0105 w ci\u0105gu dnia.<\/p>\n\n\n\n<p>Kuracj\u0119 nale\u017cy powtarza\u0107 oko\u0142o 3 tygodni.<\/p>\n","protected":false},"excerpt":{"rendered":"<p>Wyst\u0119puje wiele gatunk\u00f3w tasiemca, do tych najcz\u0119\u015bciej wyst\u0119puj\u0105cych u ludzi nale\u017c\u0105: Tasiemiec nieuzbrojony nale\u017cy do&#8230;<\/p>\n","protected":false},"author":1,"featured_media":0,"parent":0,"menu_order":0,"comment_status":"closed","ping_status":"closed","template":"","meta":{"footnotes":""},"class_list":["post-74","page","type-page","status-publish","hentry"],"_links":{"self":[{"href":"https:\/\/dawidnow.whshost.com\/Fitoterapia\/wp-json\/wp\/v2\/pages\/74","targetHints":{"allow":["GET"]}}],"collection":[{"href":"https:\/\/dawidnow.whshost.com\/Fitoterapia\/wp-json\/wp\/v2\/pages"}],"about":[{"href":"https:\/\/dawidnow.whshost.com\/Fitoterapia\/wp-json\/wp\/v2\/types\/page"}],"author":[{"embeddable":true,"href":"https:\/\/dawidnow.whshost.com\/Fitoterapia\/wp-json\/wp\/v2\/users\/1"}],"replies":[{"embeddable":true,"href":"https:\/\/dawidnow.whshost.com\/Fitoterapia\/wp-json\/wp\/v2\/comments?post=74"}],"version-history":[{"count":3,"href":"https:\/\/dawidnow.whshost.com\/Fitoterapia\/wp-json\/wp\/v2\/pages\/74\/revisions"}],"predecessor-version":[{"id":270,"href":"https:\/\/dawidnow.whshost.com\/Fitoterapia\/wp-json\/wp\/v2\/pages\/74\/revisions\/270"}],"wp:attachment":[{"href":"https:\/\/dawidnow.whshost.com\/Fitoterapia\/wp-json\/wp\/v2\/media?parent=74"}],"curies":[{"name":"wp","href":"https:\/\/api.w.org\/{rel}","templated":true}]}}