{"id":73,"date":"2023-04-05T18:57:01","date_gmt":"2023-04-05T16:57:01","guid":{"rendered":"https:\/\/dawidnow.whshost.com\/Fitoterapia\/?page_id=73"},"modified":"2023-04-08T18:16:10","modified_gmt":"2023-04-08T16:16:10","slug":"owsik-ludzki","status":"publish","type":"page","link":"https:\/\/dawidnow.whshost.com\/Fitoterapia\/owsik-ludzki\/","title":{"rendered":"Owsik ludzki"},"content":{"rendered":"\n<p>Owsik ludzki bytuje w jelicie grubym cz\u0142owieka, ale mo\u017ce te\u017c zasiedla\u0107 drogi rodne. Cz\u0142owiek jest jedynym znanym gospodarzem. Dojrza\u0142a posta\u0107 ma d\u0142ugo\u015b\u0107 ok. 1cm. Najcz\u0119\u015bciej do zara\u017ce\u0144 dochodzi u dzieci w wieku od 5 do 14 lat. Cykl rozwojowy zamyka si\u0119 w jednym \u017cywicielu dzi\u0119ki czemu do zaka\u017ce\u0144 mo\u017ce dochodzi\u0107 rodzinnie. Objawami owsicy s\u0105: \u015bwi\u0105d i bolesno\u015b\u0107 okolic odbytu, b\u00f3l brzucha, nudno\u015bci, utrata apetytu, nadmierna pobudliwo\u015b\u0107 i bezsenno\u015b\u0107. Choroba mo\u017ce przechodzi\u0107 bezobjawowo i zara\u017aliwo\u015b\u0107 trwa przez ca\u0142y okres choroby, kt\u00f3ry mo\u017ce si\u0119ga\u0107 nawet wielu miesi\u0119cy.<\/p>\n\n\n<div class=\"wp-block-image\">\n<figure class=\"aligncenter size-full is-resized\"><img loading=\"lazy\" decoding=\"async\" src=\"https:\/\/dawidnow.whshost.com\/Fitoterapia\/wp-content\/uploads\/2023\/04\/Owsiki.jpg\" alt=\"\" class=\"wp-image-219\" width=\"546\" height=\"342\"\/><\/figure>\n<\/div>\n\n\n<h2 class=\"wp-block-heading\"><em>Napar na paso\u017cyty jelitowe:<\/em><\/h2>\n\n\n\n<p><strong>Sk\u0142ad:<\/strong> Li\u015bcie mi\u0119ty pieprzowej, li\u015bcie bylicy pio\u0142unu, li\u015bcie tymianku pospolitego, li\u015bcie wrotycza pospolitego, li\u015bcie lebiodki pospolitej, p\u0105ki drzewa go\u017adzikowca, pestki dyni olbrzymiej, owoc kopru w\u0142oskiego.<\/p>\n\n\n\n<p><strong>Spos\u00f3b przygotowania:<\/strong> Do du\u017cego pojemnika szczelnie zamykanego wsypa\u0107 po 120g ka\u017cdego z zi\u00f3\u0142, a nast\u0119pnie wymiesza\u0107. 2 \u0142y\u017cki tak przygotowanej mieszanki zala\u0107 4 szklankami wrz\u0105cej wody, parzy\u0107 pod przykryciem przez 15minut, przecedzi\u0107 oraz przela\u0107 do kubka termicznego lub termosu, tak przygotowan\u0105 porcj\u0119 naparu nale\u017cy wypi\u0107 ciep\u0142\u0105 w ci\u0105gu dnia.<\/p>\n\n\n\n<p>Kuracj\u0119 nale\u017cy stosowa\u0107 przez miesi\u0105c, podane proporcj\u0119 wystarcz\u0105 na ok. 2 tygodnie u\u017cytkowania.<\/p>\n","protected":false},"excerpt":{"rendered":"<p>Owsik ludzki bytuje w jelicie grubym cz\u0142owieka, ale mo\u017ce te\u017c zasiedla\u0107 drogi rodne. Cz\u0142owiek jest&#8230;<\/p>\n","protected":false},"author":1,"featured_media":0,"parent":0,"menu_order":0,"comment_status":"closed","ping_status":"closed","template":"","meta":{"footnotes":""},"class_list":["post-73","page","type-page","status-publish","hentry"],"_links":{"self":[{"href":"https:\/\/dawidnow.whshost.com\/Fitoterapia\/wp-json\/wp\/v2\/pages\/73","targetHints":{"allow":["GET"]}}],"collection":[{"href":"https:\/\/dawidnow.whshost.com\/Fitoterapia\/wp-json\/wp\/v2\/pages"}],"about":[{"href":"https:\/\/dawidnow.whshost.com\/Fitoterapia\/wp-json\/wp\/v2\/types\/page"}],"author":[{"embeddable":true,"href":"https:\/\/dawidnow.whshost.com\/Fitoterapia\/wp-json\/wp\/v2\/users\/1"}],"replies":[{"embeddable":true,"href":"https:\/\/dawidnow.whshost.com\/Fitoterapia\/wp-json\/wp\/v2\/comments?post=73"}],"version-history":[{"count":5,"href":"https:\/\/dawidnow.whshost.com\/Fitoterapia\/wp-json\/wp\/v2\/pages\/73\/revisions"}],"predecessor-version":[{"id":278,"href":"https:\/\/dawidnow.whshost.com\/Fitoterapia\/wp-json\/wp\/v2\/pages\/73\/revisions\/278"}],"wp:attachment":[{"href":"https:\/\/dawidnow.whshost.com\/Fitoterapia\/wp-json\/wp\/v2\/media?parent=73"}],"curies":[{"name":"wp","href":"https:\/\/api.w.org\/{rel}","templated":true}]}}