{"id":72,"date":"2023-04-05T18:57:01","date_gmt":"2023-04-05T16:57:01","guid":{"rendered":"https:\/\/dawidnow.whshost.com\/Fitoterapia\/?page_id=72"},"modified":"2023-04-08T18:11:02","modified_gmt":"2023-04-08T16:11:02","slug":"glista-ludzka","status":"publish","type":"page","link":"https:\/\/dawidnow.whshost.com\/Fitoterapia\/glista-ludzka\/","title":{"rendered":"Glista ludzka"},"content":{"rendered":"\n<p>Glistnica jest to choroba, kt\u00f3r\u0105 wywo\u0142uje zaka\u017cenie si\u0119 glist\u0105 ludzk\u0105 i nale\u017cy do parazytoz najpowszechniej wyst\u0119puj\u0105cych na \u015bwiecie. Paso\u017cyt ten wyst\u0119puje u oko\u0142o 25%populacji \u015bwiata, a w niekt\u00f3rych regionach nawet u 90% ludno\u015bci. Pod wzgl\u0119dem wyst\u0119powania w Polsce glista ludzka znajduje si\u0119 na trzecim miejscu zaraz po owsiku i w\u0142osog\u0142\u00f3wce. Niski poziom higieny oraz wilgotno\u015b\u0107 i ciep\u0142y klimat sprzyjaj\u0105 zaka\u017ceniom tym paso\u017cytem. Najcz\u0119\u015bciej t\u0105 chorob\u0119 obserwuje si\u0119 u dzieci w wieku przedszkolnym lub szkolnym. Jest to paso\u017cyt, kt\u00f3ry nale\u017cy do rodzaju nicieni o ob\u0142ym kszta\u0142cie.<\/p>\n\n\n<div class=\"wp-block-image\">\n<figure class=\"aligncenter size-full\"><img loading=\"lazy\" decoding=\"async\" width=\"600\" height=\"122\" src=\"https:\/\/dawidnow.whshost.com\/Fitoterapia\/wp-content\/uploads\/2023\/04\/Glista-ludzka-1.webp\" alt=\"\" class=\"wp-image-174\" srcset=\"https:\/\/dawidnow.whshost.com\/Fitoterapia\/wp-content\/uploads\/2023\/04\/Glista-ludzka-1.webp 600w, https:\/\/dawidnow.whshost.com\/Fitoterapia\/wp-content\/uploads\/2023\/04\/Glista-ludzka-1-300x61.webp 300w\" sizes=\"auto, (max-width: 600px) 100vw, 600px\" \/><\/figure>\n<\/div>\n\n\n<h2 class=\"wp-block-heading\"><em>Napar na paso\u017cyty jelitowe:<\/em><\/h2>\n\n\n\n<p><strong>Sk\u0142ad:<\/strong> Li\u015bcie mi\u0119ty pieprzowej, li\u015bcie bylicy pio\u0142unu, li\u015bcie tymianku pospolitego, li\u015bcie wrotycza pospolitego, li\u015bcie lebiodki pospolitej, p\u0105ki drzewa go\u017adzikowca, pestki dyni olbrzymiej, owoc kopru w\u0142oskiego.<\/p>\n\n\n\n<p><strong>Spos\u00f3b przygotowania:<\/strong> Do du\u017cego pojemnika szczelnie zamykanego wsypa\u0107 po 120g ka\u017cdego z zi\u00f3\u0142, a nast\u0119pnie wymiesza\u0107. 2 \u0142y\u017cki tak przygotowanej mieszanki zala\u0107 4 szklankami wrz\u0105cej wody, parzy\u0107 pod przykryciem przez 15minut, przecedzi\u0107 oraz przela\u0107 do kubka termicznego lub termosu, tak przygotowan\u0105 porcj\u0119 naparu nale\u017cy wypi\u0107 ciep\u0142\u0105 w ci\u0105gu dnia.<\/p>\n\n\n\n<p>Kuracj\u0119 nale\u017cy stosowa\u0107 przez miesi\u0105c, podane proporcj\u0119 wystarcz\u0105 na ok. 2 tygodnie u\u017cytkowania.<\/p>\n\n\n\n<p><\/p>\n","protected":false},"excerpt":{"rendered":"<p>Glistnica jest to choroba, kt\u00f3r\u0105 wywo\u0142uje zaka\u017cenie si\u0119 glist\u0105 ludzk\u0105 i nale\u017cy do parazytoz najpowszechniej&#8230;<\/p>\n","protected":false},"author":1,"featured_media":0,"parent":0,"menu_order":0,"comment_status":"closed","ping_status":"closed","template":"","meta":{"footnotes":""},"class_list":["post-72","page","type-page","status-publish","hentry"],"_links":{"self":[{"href":"https:\/\/dawidnow.whshost.com\/Fitoterapia\/wp-json\/wp\/v2\/pages\/72","targetHints":{"allow":["GET"]}}],"collection":[{"href":"https:\/\/dawidnow.whshost.com\/Fitoterapia\/wp-json\/wp\/v2\/pages"}],"about":[{"href":"https:\/\/dawidnow.whshost.com\/Fitoterapia\/wp-json\/wp\/v2\/types\/page"}],"author":[{"embeddable":true,"href":"https:\/\/dawidnow.whshost.com\/Fitoterapia\/wp-json\/wp\/v2\/users\/1"}],"replies":[{"embeddable":true,"href":"https:\/\/dawidnow.whshost.com\/Fitoterapia\/wp-json\/wp\/v2\/comments?post=72"}],"version-history":[{"count":5,"href":"https:\/\/dawidnow.whshost.com\/Fitoterapia\/wp-json\/wp\/v2\/pages\/72\/revisions"}],"predecessor-version":[{"id":275,"href":"https:\/\/dawidnow.whshost.com\/Fitoterapia\/wp-json\/wp\/v2\/pages\/72\/revisions\/275"}],"wp:attachment":[{"href":"https:\/\/dawidnow.whshost.com\/Fitoterapia\/wp-json\/wp\/v2\/media?parent=72"}],"curies":[{"name":"wp","href":"https:\/\/api.w.org\/{rel}","templated":true}]}}