{"id":69,"date":"2023-04-05T18:53:58","date_gmt":"2023-04-05T16:53:58","guid":{"rendered":"https:\/\/dawidnow.whshost.com\/Fitoterapia\/?page_id=69"},"modified":"2023-04-08T17:42:12","modified_gmt":"2023-04-08T15:42:12","slug":"ogoniastek-jelitowy","status":"publish","type":"page","link":"https:\/\/dawidnow.whshost.com\/Fitoterapia\/ogoniastek-jelitowy\/","title":{"rendered":"Ogoniastek jelitowy"},"content":{"rendered":"\n<p>Ogoniastek jelitowy wywo\u0142uje giardioz\u0119, chorob\u0119 paso\u017cytnicz\u0105 jelita cienkiego, dwunastnicy i w\u0105troby. Bytuje on cz\u0119sto w przewodach \u017c\u00f3\u0142ciowych, co mo\u017ce zagra\u017ca\u0107 w\u0105trobie i doprowadzi\u0107 do jej martwicy. Mo\u017ce r\u00f3wnie\u017c doprowadza\u0107 do podra\u017cnie\u0144 trzustki. Do zaka\u017cenia dochodzi drog\u0105 pokarmow\u0105 poprzez spo\u017cycie \u017cywno\u015bci lub wypicie wody, kt\u00f3ra zawiera cysty lamblii. Zaka\u017cenie jest r\u00f3wnie\u017c mo\u017cliwe poprzez bezpo\u015bredni kontakt. Najcz\u0119\u015bciej do tego typu zaka\u017cenia dochodzi u dzieci, kt\u00f3re przebywaj\u0105 w \u017c\u0142obkach, przedszkolach lub szkole oraz u os\u00f3b, kt\u00f3re wsp\u00f3lnie mieszkaj\u0105. Przebieg kliniczny zaka\u017cenia ogoniastkiem jelitowym jest r\u00f3\u017cny i mo\u017ce by\u0107 bezobjawowy. Najcz\u0119\u015bciej wyst\u0119puj\u0105ce objawy to b\u00f3l brzucha i gor\u0105czka. Cz\u0119sto choroba stanowi przyczyn\u0119 przewlek\u0142ych biegunek, zaburze\u0144 wch\u0142aniania, utrat\u0119 masy cia\u0142a, wyst\u0119powanie odczyn\u00f3w alergicznych.<\/p>\n\n\n<div class=\"wp-block-image\">\n<figure class=\"aligncenter size-full\"><img loading=\"lazy\" decoding=\"async\" width=\"840\" height=\"350\" src=\"https:\/\/dawidnow.whshost.com\/Fitoterapia\/wp-content\/uploads\/2023\/04\/Ogoniastek-jelitowy.jpg\" alt=\"\" class=\"wp-image-189\" srcset=\"https:\/\/dawidnow.whshost.com\/Fitoterapia\/wp-content\/uploads\/2023\/04\/Ogoniastek-jelitowy.jpg 840w, https:\/\/dawidnow.whshost.com\/Fitoterapia\/wp-content\/uploads\/2023\/04\/Ogoniastek-jelitowy-300x125.jpg 300w, https:\/\/dawidnow.whshost.com\/Fitoterapia\/wp-content\/uploads\/2023\/04\/Ogoniastek-jelitowy-768x320.jpg 768w\" sizes=\"auto, (max-width: 840px) 100vw, 840px\" \/><\/figure>\n<\/div>\n\n\n<h2 class=\"wp-block-heading\"><em>Napar na ogoniastka jelitowego:<\/em><\/h2>\n\n\n\n<p><strong>Sk\u0142ad:<\/strong> ziele pio\u0142unu, tymianek pospolity, li\u015bcie orzecha czarnego, sza\u0142wia<\/p>\n\n\n\n<p><strong>Spos\u00f3b przygotowania:<\/strong> Do du\u017cego pojemnika szczelnie zamykanego wsypa\u0107 60g tymianku pospolitego, 40g li\u015bci mi\u0119ty pieprzowej, 40g li\u015bci orzecha czarnego, 20g li\u015bci bylicy pio\u0142unu, a nast\u0119pnie wymiesza\u0107. 2 \u0142y\u017cki tak przygotowanej mieszanki zala\u0107 2 szklankami wrz\u0105cej wody, parzy\u0107 pod przykryciem przez 15minut, przecedzi\u0107 oraz przela\u0107 do kubka termicznego lub termosu, tak przygotowan\u0105 porcj\u0119 naparu nale\u017cy wypi\u0107 ciep\u0142\u0105 w ci\u0105gu dnia.<\/p>\n\n\n\n<p>Kuracj\u0119 nale\u017cy powtarza\u0107 oko\u0142o 3 tygodni.<\/p>\n","protected":false},"excerpt":{"rendered":"<p>Ogoniastek jelitowy wywo\u0142uje giardioz\u0119, chorob\u0119 paso\u017cytnicz\u0105 jelita cienkiego, dwunastnicy i w\u0105troby. Bytuje on cz\u0119sto w&#8230;<\/p>\n","protected":false},"author":1,"featured_media":0,"parent":0,"menu_order":0,"comment_status":"closed","ping_status":"closed","template":"","meta":{"footnotes":""},"class_list":["post-69","page","type-page","status-publish","hentry"],"_links":{"self":[{"href":"https:\/\/dawidnow.whshost.com\/Fitoterapia\/wp-json\/wp\/v2\/pages\/69","targetHints":{"allow":["GET"]}}],"collection":[{"href":"https:\/\/dawidnow.whshost.com\/Fitoterapia\/wp-json\/wp\/v2\/pages"}],"about":[{"href":"https:\/\/dawidnow.whshost.com\/Fitoterapia\/wp-json\/wp\/v2\/types\/page"}],"author":[{"embeddable":true,"href":"https:\/\/dawidnow.whshost.com\/Fitoterapia\/wp-json\/wp\/v2\/users\/1"}],"replies":[{"embeddable":true,"href":"https:\/\/dawidnow.whshost.com\/Fitoterapia\/wp-json\/wp\/v2\/comments?post=69"}],"version-history":[{"count":4,"href":"https:\/\/dawidnow.whshost.com\/Fitoterapia\/wp-json\/wp\/v2\/pages\/69\/revisions"}],"predecessor-version":[{"id":271,"href":"https:\/\/dawidnow.whshost.com\/Fitoterapia\/wp-json\/wp\/v2\/pages\/69\/revisions\/271"}],"wp:attachment":[{"href":"https:\/\/dawidnow.whshost.com\/Fitoterapia\/wp-json\/wp\/v2\/media?parent=69"}],"curies":[{"name":"wp","href":"https:\/\/api.w.org\/{rel}","templated":true}]}}