{"id":2,"date":"2023-03-29T15:09:59","date_gmt":"2023-03-29T13:09:59","guid":{"rendered":"https:\/\/dawidnow.whshost.com\/Fitoterapia\/?page_id=2"},"modified":"2023-04-05T23:29:41","modified_gmt":"2023-04-05T21:29:41","slug":"przykladowa-strona","status":"publish","type":"page","link":"https:\/\/dawidnow.whshost.com\/Fitoterapia\/","title":{"rendered":"Strona g\u0142\u00f3wna"},"content":{"rendered":"\n<p class=\"has-text-align-center has-background\" style=\"background-color:#ffffff5c\">W ludzkim organizmie mo\u017ce znajdowa\u0107 si\u0119 nawet 300 r\u00f3\u017cnych gatunk\u00f3w paso\u017cyt\u00f3w. Najcz\u0119\u015bciej uwa\u017ca si\u0119, \u017ce paso\u017cyty znajduj\u0105 si\u0119 g\u0142\u00f3wnie w jelitach, jednak paso\u017cytuj\u0105 one w ca\u0142ym organizmie. Mo\u017cna je znale\u017a\u0107 w sk\u00f3rze, w\u0142osach, drogach oddechowych, czy nawet w mi\u0119\u015bniach.  W przypadku chor\u00f3b paso\u017cytniczych fitoterapia mo\u017ce wyja\u015bni\u0107 co to dok\u0142adniej znaczy. Wykorzystuje ca\u0142e ro\u015bliny, ich fragmenty lub tylko pojedyncze substancje aktywne, kt\u00f3re zosta\u0142y z nich wyizolowane. Stosowanie ro\u015blin leczniczych mo\u017ce zosta\u0107 wskazane w przypadku stwierdzonej choroby paso\u017cytniczej, ale r\u00f3wnie\u017c mo\u017cna stosowa\u0107 je profilaktycznie w celu zmniejszenia ryzyka wyst\u0105pienia paso\u017cyt\u00f3w w organizmie. Cho\u0107 wielu lekarzy do\u015b\u0107 sceptycznie traktuje przyjmowanie lek\u00f3w przeciw paso\u017cytniczych bez wyra\u017anej, niepotwierdzonej badaniami konieczno\u015bci, to odrobaczanie ro\u015blinami zio\u0142owymi sta\u0142o si\u0119 pewnego rodzaju \u201emod\u0105\u201d.  Nie jest przesad\u0105 teza, \u017ce bez informacji o w\u0142a\u015bciwo\u015bciach terapeutycznych ro\u015blin nie istnia\u0142aby wsp\u00f3\u0142czesna farmacja. Bez umiej\u0119tno\u015bci u\u017cycia przynosz\u0105cych korzy\u015bci w\u0142a\u015bciwo\u015bci ro\u015blin, pog\u0142\u0119biania wiedzy o ich leczniczych zaletach ludzko\u015b\u0107<br>nie zwalczy\u0142aby na przestrzeni lat wielu chor\u00f3b. Nie by\u0142oby post\u0119p\u00f3w w tworzeniu lek\u00f3w opartych na formu\u0142ach chemicznych, poniewa\u017c najpierw wiele z tych formu\u0142 by\u0142o kreowanych na bazie zi\u00f3\u0142 i wyci\u0105g\u00f3w ro\u015blinnych. Ro\u015bliny zielne mog\u0105 stanowi\u0107 ogromne wsparcie w wielu terapiach, a wykorzystywane w umiarkowanych dolegliwo\u015bciach lub te\u017c profilaktycznie, okazuj\u0105 si\u0119 by\u0107 bardzo skuteczne. Ro\u015bliny zielne ostatnio coraz cz\u0119\u015bciej towarzysz\u0105 nam na co dzie\u0144. Coraz powszechniejsze staje si\u0119 stosowanie herbaty<br>i napar\u00f3w jako naturalnego sposobu na popraw\u0119 samopoczucia. \u015awietnie sprawdzaj\u0105 si\u0119 one r\u00f3wnie\u017c jako zast\u0119pstwo dla kawy lub czarnej herbaty, a przy tym pozytywnie wp\u0142ywaj\u0105 na kondycj\u0119 i zdrowie. S\u0105 \u015bwietnym wspomagaczem przy oczyszczaniu organizmu z toksyn, a dodatkowo zawieraj\u0105 wiele antyoksydant\u00f3w i minera\u0142\u00f3w.<\/p>\n\n\n\n<p class=\"has-text-align-center\">Na tej stronie mo\u017cesz znale\u017a\u0107 informacje na taki temat jak: paso\u017cyty, ro\u015bliny wykorzystywane w fitoterapii, jak si\u0119 bada\u0107 oraz jakie mieszanki zi\u00f3\u0142 wykorzystywa\u0107 w walce z danym paso\u017cytem.<\/p>\n","protected":false},"excerpt":{"rendered":"<p>W ludzkim organizmie mo\u017ce znajdowa\u0107 si\u0119 nawet 300 r\u00f3\u017cnych gatunk\u00f3w paso\u017cyt\u00f3w. Najcz\u0119\u015bciej uwa\u017ca si\u0119, \u017ce&#8230;<\/p>\n","protected":false},"author":1,"featured_media":0,"parent":0,"menu_order":0,"comment_status":"closed","ping_status":"closed","template":"","meta":{"footnotes":""},"class_list":["post-2","page","type-page","status-publish","hentry"],"_links":{"self":[{"href":"https:\/\/dawidnow.whshost.com\/Fitoterapia\/wp-json\/wp\/v2\/pages\/2","targetHints":{"allow":["GET"]}}],"collection":[{"href":"https:\/\/dawidnow.whshost.com\/Fitoterapia\/wp-json\/wp\/v2\/pages"}],"about":[{"href":"https:\/\/dawidnow.whshost.com\/Fitoterapia\/wp-json\/wp\/v2\/types\/page"}],"author":[{"embeddable":true,"href":"https:\/\/dawidnow.whshost.com\/Fitoterapia\/wp-json\/wp\/v2\/users\/1"}],"replies":[{"embeddable":true,"href":"https:\/\/dawidnow.whshost.com\/Fitoterapia\/wp-json\/wp\/v2\/comments?post=2"}],"version-history":[{"count":7,"href":"https:\/\/dawidnow.whshost.com\/Fitoterapia\/wp-json\/wp\/v2\/pages\/2\/revisions"}],"predecessor-version":[{"id":163,"href":"https:\/\/dawidnow.whshost.com\/Fitoterapia\/wp-json\/wp\/v2\/pages\/2\/revisions\/163"}],"wp:attachment":[{"href":"https:\/\/dawidnow.whshost.com\/Fitoterapia\/wp-json\/wp\/v2\/media?parent=2"}],"curies":[{"name":"wp","href":"https:\/\/api.w.org\/{rel}","templated":true}]}}