{"id":116,"date":"2023-04-05T19:02:25","date_gmt":"2023-04-05T17:02:25","guid":{"rendered":"https:\/\/dawidnow.whshost.com\/Fitoterapia\/?page_id=116"},"modified":"2023-04-06T23:04:47","modified_gmt":"2023-04-06T21:04:47","slug":"tymianek-pospolity","status":"publish","type":"page","link":"https:\/\/dawidnow.whshost.com\/Fitoterapia\/tymianek-pospolity\/","title":{"rendered":"Tymianek pospolity"},"content":{"rendered":"\n<p>Tymianek pospolity to ro\u015blina, kt\u00f3ra jest wykorzystywana w medycynie, kosmetyce oraz jako przyprawa. Jest to drobny p\u00f3\u0142krzew z rodziny wargowych, kt\u00f3ry ro\u015bnie dziko na wybrze\u017cach Morza \u015ar\u00f3dziemnego i w Ameryce Po\u0142udniowej. W medycynie i kosmetologii ziele tymianku stosuje si\u0119 jako surowiec wyj\u015bciowy, kt\u00f3rego sk\u0142ad chemiczny obejmuje takie zwi\u0105zki jak: olejki eteryczne, zwi\u0105zki garbnikowe, kwasy polifenolowe, flawonoidy, saponiny, sole mineralne. Tymol, kt\u00f3ry znajduje si\u0119 w tymianku posiada w\u0142a\u015bciwo\u015bci antybakteryjne, wykrztu\u015bne, ale jest r\u00f3wnie\u017c to naturalny spos\u00f3b przy walce z paso\u017cytami.<\/p>\n\n\n<div class=\"wp-block-image\">\n<figure class=\"aligncenter size-full\"><img loading=\"lazy\" decoding=\"async\" width=\"650\" height=\"434\" src=\"https:\/\/dawidnow.whshost.com\/Fitoterapia\/wp-content\/uploads\/2023\/04\/tymianek.jpg\" alt=\"\" class=\"wp-image-248\" srcset=\"https:\/\/dawidnow.whshost.com\/Fitoterapia\/wp-content\/uploads\/2023\/04\/tymianek.jpg 650w, https:\/\/dawidnow.whshost.com\/Fitoterapia\/wp-content\/uploads\/2023\/04\/tymianek-300x200.jpg 300w\" sizes=\"auto, (max-width: 650px) 100vw, 650px\" \/><\/figure>\n<\/div>","protected":false},"excerpt":{"rendered":"<p>Tymianek pospolity to ro\u015blina, kt\u00f3ra jest wykorzystywana w medycynie, kosmetyce oraz jako przyprawa. Jest to&#8230;<\/p>\n","protected":false},"author":1,"featured_media":0,"parent":0,"menu_order":0,"comment_status":"closed","ping_status":"closed","template":"","meta":{"footnotes":""},"class_list":["post-116","page","type-page","status-publish","hentry"],"_links":{"self":[{"href":"https:\/\/dawidnow.whshost.com\/Fitoterapia\/wp-json\/wp\/v2\/pages\/116","targetHints":{"allow":["GET"]}}],"collection":[{"href":"https:\/\/dawidnow.whshost.com\/Fitoterapia\/wp-json\/wp\/v2\/pages"}],"about":[{"href":"https:\/\/dawidnow.whshost.com\/Fitoterapia\/wp-json\/wp\/v2\/types\/page"}],"author":[{"embeddable":true,"href":"https:\/\/dawidnow.whshost.com\/Fitoterapia\/wp-json\/wp\/v2\/users\/1"}],"replies":[{"embeddable":true,"href":"https:\/\/dawidnow.whshost.com\/Fitoterapia\/wp-json\/wp\/v2\/comments?post=116"}],"version-history":[{"count":4,"href":"https:\/\/dawidnow.whshost.com\/Fitoterapia\/wp-json\/wp\/v2\/pages\/116\/revisions"}],"predecessor-version":[{"id":250,"href":"https:\/\/dawidnow.whshost.com\/Fitoterapia\/wp-json\/wp\/v2\/pages\/116\/revisions\/250"}],"wp:attachment":[{"href":"https:\/\/dawidnow.whshost.com\/Fitoterapia\/wp-json\/wp\/v2\/media?parent=116"}],"curies":[{"name":"wp","href":"https:\/\/api.w.org\/{rel}","templated":true}]}}