{"id":115,"date":"2023-04-05T19:02:25","date_gmt":"2023-04-05T17:02:25","guid":{"rendered":"https:\/\/dawidnow.whshost.com\/Fitoterapia\/?page_id=115"},"modified":"2023-04-06T22:51:20","modified_gmt":"2023-04-06T20:51:20","slug":"szalwia-lecznicza","status":"publish","type":"page","link":"https:\/\/dawidnow.whshost.com\/Fitoterapia\/szalwia-lecznicza\/","title":{"rendered":"Sza\u0142wia lecznicza"},"content":{"rendered":"\n<p>Sza\u0142wia to ro\u015blina z rodziny jasnowatych. Sza\u0142wia ma w\u0142a\u015bciwo\u015bci zmniejszaj\u0105ce potliwo\u015b\u0107, poprawiaj\u0105ce sprawno\u015b\u0107 umys\u0142ow\u0105, przeciwb\u00f3lowe, przeciwzapalne, przeciwpaso\u017cytnicze. Sza\u0142wia zawiera fenylokwasy pochodne kwasu benzoesowego i cynamonowego. Najaktywniejsze to kwas galusowy, kawowy, chlorogenowy i protokatechowy. Sza\u0142wia zawiera r\u00f3wnie\u017c takie zwi\u0105zki jak: karwakrol, kamfora, linalol, R(+) limonen, 1,4-cyneol i \u03b3-terpinen.<\/p>\n\n\n<div class=\"wp-block-image\">\n<figure class=\"aligncenter size-full is-resized\"><img loading=\"lazy\" decoding=\"async\" src=\"https:\/\/dawidnow.whshost.com\/Fitoterapia\/wp-content\/uploads\/2023\/04\/szalwia.webp\" alt=\"\" class=\"wp-image-239\" width=\"638\" height=\"425\" srcset=\"https:\/\/dawidnow.whshost.com\/Fitoterapia\/wp-content\/uploads\/2023\/04\/szalwia.webp 800w, https:\/\/dawidnow.whshost.com\/Fitoterapia\/wp-content\/uploads\/2023\/04\/szalwia-300x200.webp 300w, https:\/\/dawidnow.whshost.com\/Fitoterapia\/wp-content\/uploads\/2023\/04\/szalwia-768x512.webp 768w\" sizes=\"auto, (max-width: 638px) 100vw, 638px\" \/><\/figure>\n<\/div>","protected":false},"excerpt":{"rendered":"<p>Sza\u0142wia to ro\u015blina z rodziny jasnowatych. Sza\u0142wia ma w\u0142a\u015bciwo\u015bci zmniejszaj\u0105ce potliwo\u015b\u0107, poprawiaj\u0105ce sprawno\u015b\u0107 umys\u0142ow\u0105, przeciwb\u00f3lowe,&#8230;<\/p>\n","protected":false},"author":1,"featured_media":0,"parent":0,"menu_order":0,"comment_status":"closed","ping_status":"closed","template":"","meta":{"footnotes":""},"class_list":["post-115","page","type-page","status-publish","hentry"],"_links":{"self":[{"href":"https:\/\/dawidnow.whshost.com\/Fitoterapia\/wp-json\/wp\/v2\/pages\/115","targetHints":{"allow":["GET"]}}],"collection":[{"href":"https:\/\/dawidnow.whshost.com\/Fitoterapia\/wp-json\/wp\/v2\/pages"}],"about":[{"href":"https:\/\/dawidnow.whshost.com\/Fitoterapia\/wp-json\/wp\/v2\/types\/page"}],"author":[{"embeddable":true,"href":"https:\/\/dawidnow.whshost.com\/Fitoterapia\/wp-json\/wp\/v2\/users\/1"}],"replies":[{"embeddable":true,"href":"https:\/\/dawidnow.whshost.com\/Fitoterapia\/wp-json\/wp\/v2\/comments?post=115"}],"version-history":[{"count":3,"href":"https:\/\/dawidnow.whshost.com\/Fitoterapia\/wp-json\/wp\/v2\/pages\/115\/revisions"}],"predecessor-version":[{"id":240,"href":"https:\/\/dawidnow.whshost.com\/Fitoterapia\/wp-json\/wp\/v2\/pages\/115\/revisions\/240"}],"wp:attachment":[{"href":"https:\/\/dawidnow.whshost.com\/Fitoterapia\/wp-json\/wp\/v2\/media?parent=115"}],"curies":[{"name":"wp","href":"https:\/\/api.w.org\/{rel}","templated":true}]}}