{"id":114,"date":"2023-04-05T19:02:25","date_gmt":"2023-04-05T17:02:25","guid":{"rendered":"https:\/\/dawidnow.whshost.com\/Fitoterapia\/?page_id=114"},"modified":"2023-04-06T01:47:54","modified_gmt":"2023-04-05T23:47:54","slug":"racznik-pospolity","status":"publish","type":"page","link":"https:\/\/dawidnow.whshost.com\/Fitoterapia\/racznik-pospolity\/","title":{"rendered":"R\u0105cznik pospolity"},"content":{"rendered":"\n<p>R\u0105cznik pospolity to ro\u015blina ozdobna, oleista, kt\u00f3r\u0105 charakteryzuje szybki wzrost. Jest to ro\u015blina tropikalna z rodziny wilczomleczowatych. W fitoterapii wykorzystuje si\u0119 olej rycynowy, kt\u00f3ry jest wytwarzany z r\u0105cznika pospolitego. Olej rycynowy to mieszanina kwasu rycynowego, oleinowego i linolowego. Olej rycynowy ma dzia\u0142anie antyoksydacyjne, immunomodulacyjne, przeciwnowotworowe, przeciwzapalne, przeciwb\u00f3lowe, przeciwcukrzycowe, hepatoprotekcyjne, przeciwmikrobowe i przeciwpaso\u017cytnicze.<div id=\"sdfootnote1\"><\/div><\/p>\n\n\n<div class=\"wp-block-image\">\n<figure class=\"aligncenter size-full\"><img loading=\"lazy\" decoding=\"async\" width=\"664\" height=\"442\" src=\"https:\/\/dawidnow.whshost.com\/Fitoterapia\/wp-content\/uploads\/2023\/04\/Racznik-pospolity-1.jpg\" alt=\"\" class=\"wp-image-226\" srcset=\"https:\/\/dawidnow.whshost.com\/Fitoterapia\/wp-content\/uploads\/2023\/04\/Racznik-pospolity-1.jpg 664w, https:\/\/dawidnow.whshost.com\/Fitoterapia\/wp-content\/uploads\/2023\/04\/Racznik-pospolity-1-300x200.jpg 300w\" sizes=\"auto, (max-width: 664px) 100vw, 664px\" \/><\/figure>\n<\/div>","protected":false},"excerpt":{"rendered":"<p>R\u0105cznik pospolity to ro\u015blina ozdobna, oleista, kt\u00f3r\u0105 charakteryzuje szybki wzrost. Jest to ro\u015blina tropikalna z&#8230;<\/p>\n","protected":false},"author":1,"featured_media":0,"parent":0,"menu_order":0,"comment_status":"closed","ping_status":"closed","template":"","meta":{"footnotes":""},"class_list":["post-114","page","type-page","status-publish","hentry"],"_links":{"self":[{"href":"https:\/\/dawidnow.whshost.com\/Fitoterapia\/wp-json\/wp\/v2\/pages\/114","targetHints":{"allow":["GET"]}}],"collection":[{"href":"https:\/\/dawidnow.whshost.com\/Fitoterapia\/wp-json\/wp\/v2\/pages"}],"about":[{"href":"https:\/\/dawidnow.whshost.com\/Fitoterapia\/wp-json\/wp\/v2\/types\/page"}],"author":[{"embeddable":true,"href":"https:\/\/dawidnow.whshost.com\/Fitoterapia\/wp-json\/wp\/v2\/users\/1"}],"replies":[{"embeddable":true,"href":"https:\/\/dawidnow.whshost.com\/Fitoterapia\/wp-json\/wp\/v2\/comments?post=114"}],"version-history":[{"count":2,"href":"https:\/\/dawidnow.whshost.com\/Fitoterapia\/wp-json\/wp\/v2\/pages\/114\/revisions"}],"predecessor-version":[{"id":227,"href":"https:\/\/dawidnow.whshost.com\/Fitoterapia\/wp-json\/wp\/v2\/pages\/114\/revisions\/227"}],"wp:attachment":[{"href":"https:\/\/dawidnow.whshost.com\/Fitoterapia\/wp-json\/wp\/v2\/media?parent=114"}],"curies":[{"name":"wp","href":"https:\/\/api.w.org\/{rel}","templated":true}]}}