{"id":113,"date":"2023-04-05T19:02:25","date_gmt":"2023-04-05T17:02:25","guid":{"rendered":"https:\/\/dawidnow.whshost.com\/Fitoterapia\/?page_id=113"},"modified":"2023-04-06T01:25:47","modified_gmt":"2023-04-05T23:25:47","slug":"bylica-piolun","status":"publish","type":"page","link":"https:\/\/dawidnow.whshost.com\/Fitoterapia\/bylica-piolun\/","title":{"rendered":"Bylica pio\u0142un"},"content":{"rendered":"\n<p>Bylica pio\u0142un to ro\u015blina zielna z rodziny astrowatych, kt\u00f3ra jest stosowana od wielu lat w medycynie ludowej. Ro\u015blina ta ma charakterystyczny wygl\u0105d, a w okresie letnim pokryta jest drobnymi, kulistymi koszyczkami \u017c\u00f3\u0142tych kwiat\u00f3w. Pio\u0142un ma w\u0142a\u015bciwo\u015bci moczop\u0119dne, \u017c\u00f3\u0142ciop\u0119dne, stymuluje apetyt i poprawia trawienie.<\/p>\n\n\n<div class=\"wp-block-image\">\n<figure class=\"aligncenter size-full is-resized\"><img loading=\"lazy\" decoding=\"async\" src=\"https:\/\/dawidnow.whshost.com\/Fitoterapia\/wp-content\/uploads\/2023\/04\/Piolun.jpg\" alt=\"\" class=\"wp-image-165\" width=\"546\" height=\"328\" srcset=\"https:\/\/dawidnow.whshost.com\/Fitoterapia\/wp-content\/uploads\/2023\/04\/Piolun.jpg 750w, https:\/\/dawidnow.whshost.com\/Fitoterapia\/wp-content\/uploads\/2023\/04\/Piolun-300x180.jpg 300w\" sizes=\"auto, (max-width: 546px) 100vw, 546px\" \/><\/figure>\n<\/div>\n\n\n<p><\/p>\n","protected":false},"excerpt":{"rendered":"<p>Bylica pio\u0142un to ro\u015blina zielna z rodziny astrowatych, kt\u00f3ra jest stosowana od wielu lat w&#8230;<\/p>\n","protected":false},"author":1,"featured_media":0,"parent":0,"menu_order":0,"comment_status":"closed","ping_status":"closed","template":"","meta":{"footnotes":""},"class_list":["post-113","page","type-page","status-publish","hentry"],"_links":{"self":[{"href":"https:\/\/dawidnow.whshost.com\/Fitoterapia\/wp-json\/wp\/v2\/pages\/113","targetHints":{"allow":["GET"]}}],"collection":[{"href":"https:\/\/dawidnow.whshost.com\/Fitoterapia\/wp-json\/wp\/v2\/pages"}],"about":[{"href":"https:\/\/dawidnow.whshost.com\/Fitoterapia\/wp-json\/wp\/v2\/types\/page"}],"author":[{"embeddable":true,"href":"https:\/\/dawidnow.whshost.com\/Fitoterapia\/wp-json\/wp\/v2\/users\/1"}],"replies":[{"embeddable":true,"href":"https:\/\/dawidnow.whshost.com\/Fitoterapia\/wp-json\/wp\/v2\/comments?post=113"}],"version-history":[{"count":3,"href":"https:\/\/dawidnow.whshost.com\/Fitoterapia\/wp-json\/wp\/v2\/pages\/113\/revisions"}],"predecessor-version":[{"id":204,"href":"https:\/\/dawidnow.whshost.com\/Fitoterapia\/wp-json\/wp\/v2\/pages\/113\/revisions\/204"}],"wp:attachment":[{"href":"https:\/\/dawidnow.whshost.com\/Fitoterapia\/wp-json\/wp\/v2\/media?parent=113"}],"curies":[{"name":"wp","href":"https:\/\/api.w.org\/{rel}","templated":true}]}}