{"id":112,"date":"2023-04-05T19:02:25","date_gmt":"2023-04-05T17:02:25","guid":{"rendered":"https:\/\/dawidnow.whshost.com\/Fitoterapia\/?page_id=112"},"modified":"2023-04-06T01:32:17","modified_gmt":"2023-04-05T23:32:17","slug":"orzech-czarny","status":"publish","type":"page","link":"https:\/\/dawidnow.whshost.com\/Fitoterapia\/orzech-czarny\/","title":{"rendered":"Orzech czarny"},"content":{"rendered":"\n<p class=\"has-text-align-left\">Orzech czarny to twarde drzewo, kt\u00f3re osi\u0105ga do 50m wysoko\u015bci. Kora tego drzewa jest bardzo gruba, sp\u0119kana i ma kolor ciemnobrunatny. Li\u015bcie s\u0105 nieparzysto pierzaste u\u0142o\u017cone skr\u0119tolegle z listkami z\u0105bkowanymi o ostrym wierzcho\u0142ku. Li\u015bcie maj\u0105 od 30 do 60cm d\u0142ugo\u015bci. Orzech czarny jest r\u00f3wnie\u017c wykorzystywany w medycynie poniewa\u017c zawiera substancje o dzia\u0142aniu przeciwpaso\u017cytniczym. Do fitoterapii wykorzystuje si\u0119 wyci\u0105g z \u0142upin orzecha czarnego.<\/p>\n\n\n<div class=\"wp-block-image\">\n<figure class=\"aligncenter size-full\"><img loading=\"lazy\" decoding=\"async\" width=\"700\" height=\"322\" src=\"https:\/\/dawidnow.whshost.com\/Fitoterapia\/wp-content\/uploads\/2023\/04\/orzech-czarny.jpg\" alt=\"\" class=\"wp-image-213\" srcset=\"https:\/\/dawidnow.whshost.com\/Fitoterapia\/wp-content\/uploads\/2023\/04\/orzech-czarny.jpg 700w, https:\/\/dawidnow.whshost.com\/Fitoterapia\/wp-content\/uploads\/2023\/04\/orzech-czarny-300x138.jpg 300w\" sizes=\"auto, (max-width: 700px) 100vw, 700px\" \/><\/figure>\n<\/div>","protected":false},"excerpt":{"rendered":"<p>Orzech czarny to twarde drzewo, kt\u00f3re osi\u0105ga do 50m wysoko\u015bci. Kora tego drzewa jest bardzo&#8230;<\/p>\n","protected":false},"author":1,"featured_media":0,"parent":0,"menu_order":0,"comment_status":"closed","ping_status":"closed","template":"","meta":{"footnotes":""},"class_list":["post-112","page","type-page","status-publish","hentry"],"_links":{"self":[{"href":"https:\/\/dawidnow.whshost.com\/Fitoterapia\/wp-json\/wp\/v2\/pages\/112","targetHints":{"allow":["GET"]}}],"collection":[{"href":"https:\/\/dawidnow.whshost.com\/Fitoterapia\/wp-json\/wp\/v2\/pages"}],"about":[{"href":"https:\/\/dawidnow.whshost.com\/Fitoterapia\/wp-json\/wp\/v2\/types\/page"}],"author":[{"embeddable":true,"href":"https:\/\/dawidnow.whshost.com\/Fitoterapia\/wp-json\/wp\/v2\/users\/1"}],"replies":[{"embeddable":true,"href":"https:\/\/dawidnow.whshost.com\/Fitoterapia\/wp-json\/wp\/v2\/comments?post=112"}],"version-history":[{"count":2,"href":"https:\/\/dawidnow.whshost.com\/Fitoterapia\/wp-json\/wp\/v2\/pages\/112\/revisions"}],"predecessor-version":[{"id":214,"href":"https:\/\/dawidnow.whshost.com\/Fitoterapia\/wp-json\/wp\/v2\/pages\/112\/revisions\/214"}],"wp:attachment":[{"href":"https:\/\/dawidnow.whshost.com\/Fitoterapia\/wp-json\/wp\/v2\/media?parent=112"}],"curies":[{"name":"wp","href":"https:\/\/api.w.org\/{rel}","templated":true}]}}