{"id":111,"date":"2023-04-05T19:02:25","date_gmt":"2023-04-05T17:02:25","guid":{"rendered":"https:\/\/dawidnow.whshost.com\/Fitoterapia\/?page_id=111"},"modified":"2023-04-06T01:34:49","modified_gmt":"2023-04-05T23:34:49","slug":"orzechy-migdalowca-zwyczajnego","status":"publish","type":"page","link":"https:\/\/dawidnow.whshost.com\/Fitoterapia\/orzechy-migdalowca-zwyczajnego\/","title":{"rendered":"Orzechy migda\u0142owca zwyczajnego"},"content":{"rendered":"\n<p>Migda\u0142owiec zwyczajny to gatunek blisko spokrewniony z brzoskwini\u0105, kt\u00f3ry nale\u017cy do rodziny r\u00f3\u017cowatych. Wyst\u0119puje jako drzewo lub krzew do 10m. Migda\u0142owiec zwyczajny zawiera fitoncydy, czyli lotne substancje, kt\u00f3re maj\u0105 wp\u0142yw bakteriob\u00f3jczy. Migda\u0142y s\u0105 dobrym \u017ar\u00f3d\u0142em takich pierwiastk\u00f3w jak fosfor i magnez. Migda\u0142y zawieraj\u0105 cyjanowod\u00f3r amigdalin\u0119, kt\u00f3ra silnie dzia\u0142a przeciwpaso\u017cytniczo.<\/p>\n\n\n<div class=\"wp-block-image\">\n<figure class=\"aligncenter size-full\"><img loading=\"lazy\" decoding=\"async\" width=\"400\" height=\"400\" src=\"https:\/\/dawidnow.whshost.com\/Fitoterapia\/wp-content\/uploads\/2023\/04\/migdalowiec-zwyczajny.webp\" alt=\"\" class=\"wp-image-216\" srcset=\"https:\/\/dawidnow.whshost.com\/Fitoterapia\/wp-content\/uploads\/2023\/04\/migdalowiec-zwyczajny.webp 400w, https:\/\/dawidnow.whshost.com\/Fitoterapia\/wp-content\/uploads\/2023\/04\/migdalowiec-zwyczajny-300x300.webp 300w, https:\/\/dawidnow.whshost.com\/Fitoterapia\/wp-content\/uploads\/2023\/04\/migdalowiec-zwyczajny-150x150.webp 150w\" sizes=\"auto, (max-width: 400px) 100vw, 400px\" \/><\/figure>\n<\/div>","protected":false},"excerpt":{"rendered":"<p>Migda\u0142owiec zwyczajny to gatunek blisko spokrewniony z brzoskwini\u0105, kt\u00f3ry nale\u017cy do rodziny r\u00f3\u017cowatych. Wyst\u0119puje jako&#8230;<\/p>\n","protected":false},"author":1,"featured_media":0,"parent":0,"menu_order":0,"comment_status":"closed","ping_status":"closed","template":"","meta":{"footnotes":""},"class_list":["post-111","page","type-page","status-publish","hentry"],"_links":{"self":[{"href":"https:\/\/dawidnow.whshost.com\/Fitoterapia\/wp-json\/wp\/v2\/pages\/111","targetHints":{"allow":["GET"]}}],"collection":[{"href":"https:\/\/dawidnow.whshost.com\/Fitoterapia\/wp-json\/wp\/v2\/pages"}],"about":[{"href":"https:\/\/dawidnow.whshost.com\/Fitoterapia\/wp-json\/wp\/v2\/types\/page"}],"author":[{"embeddable":true,"href":"https:\/\/dawidnow.whshost.com\/Fitoterapia\/wp-json\/wp\/v2\/users\/1"}],"replies":[{"embeddable":true,"href":"https:\/\/dawidnow.whshost.com\/Fitoterapia\/wp-json\/wp\/v2\/comments?post=111"}],"version-history":[{"count":2,"href":"https:\/\/dawidnow.whshost.com\/Fitoterapia\/wp-json\/wp\/v2\/pages\/111\/revisions"}],"predecessor-version":[{"id":217,"href":"https:\/\/dawidnow.whshost.com\/Fitoterapia\/wp-json\/wp\/v2\/pages\/111\/revisions\/217"}],"wp:attachment":[{"href":"https:\/\/dawidnow.whshost.com\/Fitoterapia\/wp-json\/wp\/v2\/media?parent=111"}],"curies":[{"name":"wp","href":"https:\/\/api.w.org\/{rel}","templated":true}]}}