{"id":110,"date":"2023-04-05T19:02:25","date_gmt":"2023-04-05T17:02:25","guid":{"rendered":"https:\/\/dawidnow.whshost.com\/Fitoterapia\/?page_id=110"},"modified":"2023-04-06T22:40:39","modified_gmt":"2023-04-06T20:40:39","slug":"rosliny-z-rodzaju-miety","status":"publish","type":"page","link":"https:\/\/dawidnow.whshost.com\/Fitoterapia\/rosliny-z-rodzaju-miety\/","title":{"rendered":"Ro\u015bliny z rodzaju mi\u0119ty"},"content":{"rendered":"\n<p>Mi\u0119ta to ro\u015blina z rodziny Lamiaceae. Powsta\u0142o wiele mi\u0119dzygatunkowych miesza\u0144c\u00f3w i form po\u015brednich, poniewa\u017c ro\u015bliny uprawne i dzikie swobodnie si\u0119 krzy\u017cowa\u0142y. Mi\u0119ta ma w\u0142a\u015bciwo\u015bci regeneracyjne, przeciwb\u00f3lowe, przeciw paso\u017cytnicze, przeciwbiegunkowe, przeciwzapalnie, pobudzaj\u0105ce apetyt.<\/p>\n\n\n<div class=\"wp-block-image\">\n<figure class=\"aligncenter size-large is-resized\"><img loading=\"lazy\" decoding=\"async\" src=\"https:\/\/dawidnow.whshost.com\/Fitoterapia\/wp-content\/uploads\/2023\/04\/Mieta-1024x768.jpg\" alt=\"\" class=\"wp-image-233\" width=\"777\" height=\"582\" srcset=\"https:\/\/dawidnow.whshost.com\/Fitoterapia\/wp-content\/uploads\/2023\/04\/Mieta-1024x768.jpg 1024w, https:\/\/dawidnow.whshost.com\/Fitoterapia\/wp-content\/uploads\/2023\/04\/Mieta-300x225.jpg 300w, https:\/\/dawidnow.whshost.com\/Fitoterapia\/wp-content\/uploads\/2023\/04\/Mieta-768x576.jpg 768w, https:\/\/dawidnow.whshost.com\/Fitoterapia\/wp-content\/uploads\/2023\/04\/Mieta.jpg 1200w\" sizes=\"auto, (max-width: 777px) 100vw, 777px\" \/><\/figure>\n<\/div>","protected":false},"excerpt":{"rendered":"<p>Mi\u0119ta to ro\u015blina z rodziny Lamiaceae. Powsta\u0142o wiele mi\u0119dzygatunkowych miesza\u0144c\u00f3w i form po\u015brednich, poniewa\u017c ro\u015bliny&#8230;<\/p>\n","protected":false},"author":1,"featured_media":0,"parent":0,"menu_order":0,"comment_status":"closed","ping_status":"closed","template":"","meta":{"footnotes":""},"class_list":["post-110","page","type-page","status-publish","hentry"],"_links":{"self":[{"href":"https:\/\/dawidnow.whshost.com\/Fitoterapia\/wp-json\/wp\/v2\/pages\/110","targetHints":{"allow":["GET"]}}],"collection":[{"href":"https:\/\/dawidnow.whshost.com\/Fitoterapia\/wp-json\/wp\/v2\/pages"}],"about":[{"href":"https:\/\/dawidnow.whshost.com\/Fitoterapia\/wp-json\/wp\/v2\/types\/page"}],"author":[{"embeddable":true,"href":"https:\/\/dawidnow.whshost.com\/Fitoterapia\/wp-json\/wp\/v2\/users\/1"}],"replies":[{"embeddable":true,"href":"https:\/\/dawidnow.whshost.com\/Fitoterapia\/wp-json\/wp\/v2\/comments?post=110"}],"version-history":[{"count":3,"href":"https:\/\/dawidnow.whshost.com\/Fitoterapia\/wp-json\/wp\/v2\/pages\/110\/revisions"}],"predecessor-version":[{"id":234,"href":"https:\/\/dawidnow.whshost.com\/Fitoterapia\/wp-json\/wp\/v2\/pages\/110\/revisions\/234"}],"wp:attachment":[{"href":"https:\/\/dawidnow.whshost.com\/Fitoterapia\/wp-json\/wp\/v2\/media?parent=110"}],"curies":[{"name":"wp","href":"https:\/\/api.w.org\/{rel}","templated":true}]}}