{"id":11,"date":"2023-03-29T17:15:22","date_gmt":"2023-03-29T15:15:22","guid":{"rendered":"https:\/\/dawidnow.whshost.com\/Fitoterapia\/?page_id=11"},"modified":"2023-04-06T01:48:37","modified_gmt":"2023-04-05T23:48:37","slug":"rosliny","status":"publish","type":"page","link":"https:\/\/dawidnow.whshost.com\/Fitoterapia\/rosliny\/","title":{"rendered":"Ro\u015bliny"},"content":{"rendered":"\n<p>Fitoterapia jest to dziedzina, kt\u00f3ra wykorzystuje wiedz\u0119 o wykorzystywaniu preparat\u00f3w ro\u015blinnych w zwalczaniu chor\u00f3b os\u00f3b doros\u0142ych i dzieci. W fitoterapii wykorzystywane s\u0105 surowce i przetwory ro\u015blinne, czyli naturalne materia\u0142y, kt\u00f3re zawieraj\u0105 substancje biologicznie czynne.<\/p>\n","protected":false},"excerpt":{"rendered":"<p>Fitoterapia jest to dziedzina, kt\u00f3ra wykorzystuje wiedz\u0119 o wykorzystywaniu preparat\u00f3w ro\u015blinnych w zwalczaniu chor\u00f3b os\u00f3b&#8230;<\/p>\n","protected":false},"author":1,"featured_media":0,"parent":0,"menu_order":0,"comment_status":"closed","ping_status":"closed","template":"","meta":{"footnotes":""},"class_list":["post-11","page","type-page","status-publish","hentry"],"_links":{"self":[{"href":"https:\/\/dawidnow.whshost.com\/Fitoterapia\/wp-json\/wp\/v2\/pages\/11","targetHints":{"allow":["GET"]}}],"collection":[{"href":"https:\/\/dawidnow.whshost.com\/Fitoterapia\/wp-json\/wp\/v2\/pages"}],"about":[{"href":"https:\/\/dawidnow.whshost.com\/Fitoterapia\/wp-json\/wp\/v2\/types\/page"}],"author":[{"embeddable":true,"href":"https:\/\/dawidnow.whshost.com\/Fitoterapia\/wp-json\/wp\/v2\/users\/1"}],"replies":[{"embeddable":true,"href":"https:\/\/dawidnow.whshost.com\/Fitoterapia\/wp-json\/wp\/v2\/comments?post=11"}],"version-history":[{"count":2,"href":"https:\/\/dawidnow.whshost.com\/Fitoterapia\/wp-json\/wp\/v2\/pages\/11\/revisions"}],"predecessor-version":[{"id":228,"href":"https:\/\/dawidnow.whshost.com\/Fitoterapia\/wp-json\/wp\/v2\/pages\/11\/revisions\/228"}],"wp:attachment":[{"href":"https:\/\/dawidnow.whshost.com\/Fitoterapia\/wp-json\/wp\/v2\/media?parent=11"}],"curies":[{"name":"wp","href":"https:\/\/api.w.org\/{rel}","templated":true}]}}