{"id":109,"date":"2023-04-05T19:02:25","date_gmt":"2023-04-05T17:02:25","guid":{"rendered":"https:\/\/dawidnow.whshost.com\/Fitoterapia\/?page_id=109"},"modified":"2023-04-06T01:26:46","modified_gmt":"2023-04-05T23:26:46","slug":"lebiodka-pospolita","status":"publish","type":"page","link":"https:\/\/dawidnow.whshost.com\/Fitoterapia\/lebiodka-pospolita\/","title":{"rendered":"Lebiodka pospolita"},"content":{"rendered":"\n<p>Lebiodka pospolita lub popularnie zwana oregano to zio\u0142o nale\u017c\u0105ce do rodziny jasnowatych, kt\u00f3re jest uprawiane g\u0142\u00f3wnie w obszarach \u015br\u00f3dziemnomorskich, cho\u0107 aktualnie jest spotykane na wi\u0119kszo\u015bci kontynent\u00f3w. W celach leczniczych s\u0105 wykorzystywane li\u015bcie tej ro\u015bliny w formie suszonej lub \u015bwie\u017cej. Lebiodka pospolita jest u\u017cywana w wi\u0119kszo\u015bci dom\u00f3w jako przyprawa do sos\u00f3w i da\u0144 jednogarnkowych.<\/p>\n\n\n<div class=\"wp-block-image\">\n<figure class=\"aligncenter size-full\"><img loading=\"lazy\" decoding=\"async\" width=\"625\" height=\"273\" src=\"https:\/\/dawidnow.whshost.com\/Fitoterapia\/wp-content\/uploads\/2023\/04\/Lebiodka.jpg\" alt=\"\" class=\"wp-image-183\" srcset=\"https:\/\/dawidnow.whshost.com\/Fitoterapia\/wp-content\/uploads\/2023\/04\/Lebiodka.jpg 625w, https:\/\/dawidnow.whshost.com\/Fitoterapia\/wp-content\/uploads\/2023\/04\/Lebiodka-300x131.jpg 300w\" sizes=\"auto, (max-width: 625px) 100vw, 625px\" \/><\/figure>\n<\/div>","protected":false},"excerpt":{"rendered":"<p>Lebiodka pospolita lub popularnie zwana oregano to zio\u0142o nale\u017c\u0105ce do rodziny jasnowatych, kt\u00f3re jest uprawiane&#8230;<\/p>\n","protected":false},"author":1,"featured_media":0,"parent":0,"menu_order":0,"comment_status":"closed","ping_status":"closed","template":"","meta":{"footnotes":""},"class_list":["post-109","page","type-page","status-publish","hentry"],"_links":{"self":[{"href":"https:\/\/dawidnow.whshost.com\/Fitoterapia\/wp-json\/wp\/v2\/pages\/109","targetHints":{"allow":["GET"]}}],"collection":[{"href":"https:\/\/dawidnow.whshost.com\/Fitoterapia\/wp-json\/wp\/v2\/pages"}],"about":[{"href":"https:\/\/dawidnow.whshost.com\/Fitoterapia\/wp-json\/wp\/v2\/types\/page"}],"author":[{"embeddable":true,"href":"https:\/\/dawidnow.whshost.com\/Fitoterapia\/wp-json\/wp\/v2\/users\/1"}],"replies":[{"embeddable":true,"href":"https:\/\/dawidnow.whshost.com\/Fitoterapia\/wp-json\/wp\/v2\/comments?post=109"}],"version-history":[{"count":3,"href":"https:\/\/dawidnow.whshost.com\/Fitoterapia\/wp-json\/wp\/v2\/pages\/109\/revisions"}],"predecessor-version":[{"id":209,"href":"https:\/\/dawidnow.whshost.com\/Fitoterapia\/wp-json\/wp\/v2\/pages\/109\/revisions\/209"}],"wp:attachment":[{"href":"https:\/\/dawidnow.whshost.com\/Fitoterapia\/wp-json\/wp\/v2\/media?parent=109"}],"curies":[{"name":"wp","href":"https:\/\/api.w.org\/{rel}","templated":true}]}}