{"id":108,"date":"2023-04-05T19:02:25","date_gmt":"2023-04-05T17:02:25","guid":{"rendered":"https:\/\/dawidnow.whshost.com\/Fitoterapia\/?page_id=108"},"modified":"2023-04-06T01:26:35","modified_gmt":"2023-04-05T23:26:35","slug":"koper-wloski","status":"publish","type":"page","link":"https:\/\/dawidnow.whshost.com\/Fitoterapia\/koper-wloski\/","title":{"rendered":"Koper w\u0142oski"},"content":{"rendered":"\n<p>Koper w\u0142oski nale\u017cy do rodziny selerowatych. Do spo\u017cycia nadaj\u0105 si\u0119 takie cz\u0119\u015bci tej ro\u015bliny jak: cebulki, \u0142odygi, li\u015bcie, owoce. Olejek koprowy jest wytwarzany z owoc\u00f3w kopru w\u0142oskiego. Liczne badania wykaza\u0142y, \u017ce koper w\u0142oski, a zw\u0142aszcza olejek koprowy w skuteczny spos\u00f3b kontroluje liczne choroby zaka\u017ane, kt\u00f3re maj\u0105 pochodzenie bakteryjne, mykobakteryjne, wirusowe, grzybiczne i paso\u017cytnicze. Koper w\u0142oski to dobre \u017ar\u00f3d\u0142o potasu, fosforu, sodu, wapnia i b\u0142onnika pokarmowego. <\/p>\n\n\n<div class=\"wp-block-image\">\n<figure class=\"aligncenter size-large\"><img loading=\"lazy\" decoding=\"async\" width=\"1024\" height=\"613\" src=\"https:\/\/dawidnow.whshost.com\/Fitoterapia\/wp-content\/uploads\/2023\/04\/Fenkul-wloski-1024x613.jpg\" alt=\"\" class=\"wp-image-180\" srcset=\"https:\/\/dawidnow.whshost.com\/Fitoterapia\/wp-content\/uploads\/2023\/04\/Fenkul-wloski-1024x613.jpg 1024w, https:\/\/dawidnow.whshost.com\/Fitoterapia\/wp-content\/uploads\/2023\/04\/Fenkul-wloski-300x180.jpg 300w, https:\/\/dawidnow.whshost.com\/Fitoterapia\/wp-content\/uploads\/2023\/04\/Fenkul-wloski-768x460.jpg 768w, https:\/\/dawidnow.whshost.com\/Fitoterapia\/wp-content\/uploads\/2023\/04\/Fenkul-wloski-1536x920.jpg 1536w, https:\/\/dawidnow.whshost.com\/Fitoterapia\/wp-content\/uploads\/2023\/04\/Fenkul-wloski.jpg 1670w\" sizes=\"auto, (max-width: 1024px) 100vw, 1024px\" \/><\/figure>\n<\/div>","protected":false},"excerpt":{"rendered":"<p>Koper w\u0142oski nale\u017cy do rodziny selerowatych. Do spo\u017cycia nadaj\u0105 si\u0119 takie cz\u0119\u015bci tej ro\u015bliny jak:&#8230;<\/p>\n","protected":false},"author":1,"featured_media":0,"parent":0,"menu_order":0,"comment_status":"closed","ping_status":"closed","template":"","meta":{"footnotes":""},"class_list":["post-108","page","type-page","status-publish","hentry"],"_links":{"self":[{"href":"https:\/\/dawidnow.whshost.com\/Fitoterapia\/wp-json\/wp\/v2\/pages\/108","targetHints":{"allow":["GET"]}}],"collection":[{"href":"https:\/\/dawidnow.whshost.com\/Fitoterapia\/wp-json\/wp\/v2\/pages"}],"about":[{"href":"https:\/\/dawidnow.whshost.com\/Fitoterapia\/wp-json\/wp\/v2\/types\/page"}],"author":[{"embeddable":true,"href":"https:\/\/dawidnow.whshost.com\/Fitoterapia\/wp-json\/wp\/v2\/users\/1"}],"replies":[{"embeddable":true,"href":"https:\/\/dawidnow.whshost.com\/Fitoterapia\/wp-json\/wp\/v2\/comments?post=108"}],"version-history":[{"count":3,"href":"https:\/\/dawidnow.whshost.com\/Fitoterapia\/wp-json\/wp\/v2\/pages\/108\/revisions"}],"predecessor-version":[{"id":208,"href":"https:\/\/dawidnow.whshost.com\/Fitoterapia\/wp-json\/wp\/v2\/pages\/108\/revisions\/208"}],"wp:attachment":[{"href":"https:\/\/dawidnow.whshost.com\/Fitoterapia\/wp-json\/wp\/v2\/media?parent=108"}],"curies":[{"name":"wp","href":"https:\/\/api.w.org\/{rel}","templated":true}]}}