{"id":107,"date":"2023-04-05T19:02:25","date_gmt":"2023-04-05T17:02:25","guid":{"rendered":"https:\/\/dawidnow.whshost.com\/Fitoterapia\/?page_id=107"},"modified":"2023-04-06T01:42:11","modified_gmt":"2023-04-05T23:42:11","slug":"paki-gozdzikowca-korzennego","status":"publish","type":"page","link":"https:\/\/dawidnow.whshost.com\/Fitoterapia\/paki-gozdzikowca-korzennego\/","title":{"rendered":"P\u0105ki go\u017adzikowca korzennego"},"content":{"rendered":"\n<p>Go\u017adziki to p\u0105ki kwiatowe go\u017adzikowca korzennego nale\u017c\u0105cego do rodziny mirtowatych. S\u0105 one wykorzystywane od wiek\u00f3w w medycynie naturalnej, g\u0142\u00f3wnie ze wzgl\u0119du na w\u0142a\u015bciwo\u015bci przeciwb\u00f3lowe, przeciwzapalne, przeciwbakteryjne, przeciwpaso\u017cytnicze i przeciwwirusowe. Najcz\u0119\u015bciej wykorzystuje si\u0119 olejek go\u017adzikowy, kt\u00f3ry w swoim sk\u0142adzie posiada eugenol, kt\u00f3ry jest antyoksydantem, zmieniaj\u0105cym poziom wolnych rodnik\u00f3w. Ekstrakt etanolowy znajduj\u0105cy si\u0119 w olejku go\u017adzikowym hamuje metabolizm energetyczny y nicieni, powoduj\u0105c zmniejszenie produkcji ATP, w wyniku czego dochodzi do \u015bmierci paso\u017cyt\u00f3w.<\/p>\n\n\n<div class=\"wp-block-image\">\n<figure class=\"aligncenter size-large is-resized\"><img loading=\"lazy\" decoding=\"async\" src=\"https:\/\/dawidnow.whshost.com\/Fitoterapia\/wp-content\/uploads\/2023\/04\/Gozdzikowiec-korzenny-1020x1024.jpg\" alt=\"\" class=\"wp-image-222\" width=\"527\" height=\"529\" srcset=\"https:\/\/dawidnow.whshost.com\/Fitoterapia\/wp-content\/uploads\/2023\/04\/Gozdzikowiec-korzenny-1020x1024.jpg 1020w, https:\/\/dawidnow.whshost.com\/Fitoterapia\/wp-content\/uploads\/2023\/04\/Gozdzikowiec-korzenny-300x300.jpg 300w, https:\/\/dawidnow.whshost.com\/Fitoterapia\/wp-content\/uploads\/2023\/04\/Gozdzikowiec-korzenny-150x150.jpg 150w, https:\/\/dawidnow.whshost.com\/Fitoterapia\/wp-content\/uploads\/2023\/04\/Gozdzikowiec-korzenny-768x771.jpg 768w, https:\/\/dawidnow.whshost.com\/Fitoterapia\/wp-content\/uploads\/2023\/04\/Gozdzikowiec-korzenny-1530x1536.jpg 1530w, https:\/\/dawidnow.whshost.com\/Fitoterapia\/wp-content\/uploads\/2023\/04\/Gozdzikowiec-korzenny-1024x1028.jpg 1024w, https:\/\/dawidnow.whshost.com\/Fitoterapia\/wp-content\/uploads\/2023\/04\/Gozdzikowiec-korzenny.jpg 1645w\" sizes=\"auto, (max-width: 527px) 100vw, 527px\" \/><\/figure>\n<\/div>","protected":false},"excerpt":{"rendered":"<p>Go\u017adziki to p\u0105ki kwiatowe go\u017adzikowca korzennego nale\u017c\u0105cego do rodziny mirtowatych. S\u0105 one wykorzystywane od wiek\u00f3w&#8230;<\/p>\n","protected":false},"author":1,"featured_media":0,"parent":0,"menu_order":0,"comment_status":"closed","ping_status":"closed","template":"","meta":{"footnotes":""},"class_list":["post-107","page","type-page","status-publish","hentry"],"_links":{"self":[{"href":"https:\/\/dawidnow.whshost.com\/Fitoterapia\/wp-json\/wp\/v2\/pages\/107","targetHints":{"allow":["GET"]}}],"collection":[{"href":"https:\/\/dawidnow.whshost.com\/Fitoterapia\/wp-json\/wp\/v2\/pages"}],"about":[{"href":"https:\/\/dawidnow.whshost.com\/Fitoterapia\/wp-json\/wp\/v2\/types\/page"}],"author":[{"embeddable":true,"href":"https:\/\/dawidnow.whshost.com\/Fitoterapia\/wp-json\/wp\/v2\/users\/1"}],"replies":[{"embeddable":true,"href":"https:\/\/dawidnow.whshost.com\/Fitoterapia\/wp-json\/wp\/v2\/comments?post=107"}],"version-history":[{"count":2,"href":"https:\/\/dawidnow.whshost.com\/Fitoterapia\/wp-json\/wp\/v2\/pages\/107\/revisions"}],"predecessor-version":[{"id":223,"href":"https:\/\/dawidnow.whshost.com\/Fitoterapia\/wp-json\/wp\/v2\/pages\/107\/revisions\/223"}],"wp:attachment":[{"href":"https:\/\/dawidnow.whshost.com\/Fitoterapia\/wp-json\/wp\/v2\/media?parent=107"}],"curies":[{"name":"wp","href":"https:\/\/api.w.org\/{rel}","templated":true}]}}