{"id":106,"date":"2023-04-05T19:02:25","date_gmt":"2023-04-05T17:02:25","guid":{"rendered":"https:\/\/dawidnow.whshost.com\/Fitoterapia\/?page_id=106"},"modified":"2023-04-06T02:27:17","modified_gmt":"2023-04-06T00:27:17","slug":"rosliny-z-rodzaju-dyni","status":"publish","type":"page","link":"https:\/\/dawidnow.whshost.com\/Fitoterapia\/rosliny-z-rodzaju-dyni\/","title":{"rendered":"Ro\u015bliny z rodzaju dyni"},"content":{"rendered":"\n<p>Dynia to ro\u015blina roczna lub wieloletnia, ten drugi rodzaj zwi\u0105zany jest z regionami o suchym klimacie i tworz\u0105 korzenie spichrzowe. Dynie mezofityczne tworz\u0105 korzenie wi\u0105zkowe lub wsp\u00f3lne korzenie, ale nie korzenie palowe. Dynia zawiera wiele sk\u0142adnik\u00f3w biologicznie czynnych takich jak witaminy (A, B1, B2,, B6, C, E, K, PP), karoten (g\u0142\u00f3wnie \u03b1-karotenu, \u03b2-karotenu), sk\u0142adniki mineralne, pektyn\u0119, kwasy organiczne. Zawiera niewielk\u0105 ilo\u015b\u0107 sk\u0142adnik\u00f3w podstawowych takich jak bia\u0142ko, t\u0142uszcze i w\u0119glowodany. Najbardziej cenione w zio\u0142olecznictwie s\u0105 \u015bwie\u017ce pestki dyni i olej z nich. Olej zawiera cenne nienasycone kwasy t\u0142uszczowe. Od dawna by\u0142y wykorzystywane w walce z paso\u017cytami przewodu pokarmowego, przy leczeniu zapalenia gruczo\u0142u krokowego u m\u0119\u017cczyzn i w profilaktyce podwy\u017cszonego poziomu cholesterolu we krwi. \u015awie\u017ce pestki dyni zawieraj\u0105 kukurbitacyny, kt\u00f3re pora\u017caj\u0105 uk\u0142ad nerwowy tasiemc\u00f3w, glist i owsik\u00f3w, kt\u00f3re bytuj\u0105 w jelitach cz\u0142owieka.<\/p>\n\n\n<div class=\"wp-block-image\">\n<figure class=\"aligncenter size-large\"><img loading=\"lazy\" decoding=\"async\" width=\"1024\" height=\"683\" src=\"https:\/\/dawidnow.whshost.com\/Fitoterapia\/wp-content\/uploads\/2023\/04\/dynia-1024x683.jpg\" alt=\"\" class=\"wp-image-230\" srcset=\"https:\/\/dawidnow.whshost.com\/Fitoterapia\/wp-content\/uploads\/2023\/04\/dynia-1024x683.jpg 1024w, https:\/\/dawidnow.whshost.com\/Fitoterapia\/wp-content\/uploads\/2023\/04\/dynia-300x200.jpg 300w, https:\/\/dawidnow.whshost.com\/Fitoterapia\/wp-content\/uploads\/2023\/04\/dynia-768x512.jpg 768w, https:\/\/dawidnow.whshost.com\/Fitoterapia\/wp-content\/uploads\/2023\/04\/dynia-1536x1024.jpg 1536w, https:\/\/dawidnow.whshost.com\/Fitoterapia\/wp-content\/uploads\/2023\/04\/dynia.jpg 1920w\" sizes=\"auto, (max-width: 1024px) 100vw, 1024px\" \/><\/figure>\n<\/div>","protected":false},"excerpt":{"rendered":"<p>Dynia to ro\u015blina roczna lub wieloletnia, ten drugi rodzaj zwi\u0105zany jest z regionami o suchym&#8230;<\/p>\n","protected":false},"author":1,"featured_media":0,"parent":0,"menu_order":0,"comment_status":"closed","ping_status":"closed","template":"","meta":{"footnotes":""},"class_list":["post-106","page","type-page","status-publish","hentry"],"_links":{"self":[{"href":"https:\/\/dawidnow.whshost.com\/Fitoterapia\/wp-json\/wp\/v2\/pages\/106","targetHints":{"allow":["GET"]}}],"collection":[{"href":"https:\/\/dawidnow.whshost.com\/Fitoterapia\/wp-json\/wp\/v2\/pages"}],"about":[{"href":"https:\/\/dawidnow.whshost.com\/Fitoterapia\/wp-json\/wp\/v2\/types\/page"}],"author":[{"embeddable":true,"href":"https:\/\/dawidnow.whshost.com\/Fitoterapia\/wp-json\/wp\/v2\/users\/1"}],"replies":[{"embeddable":true,"href":"https:\/\/dawidnow.whshost.com\/Fitoterapia\/wp-json\/wp\/v2\/comments?post=106"}],"version-history":[{"count":2,"href":"https:\/\/dawidnow.whshost.com\/Fitoterapia\/wp-json\/wp\/v2\/pages\/106\/revisions"}],"predecessor-version":[{"id":231,"href":"https:\/\/dawidnow.whshost.com\/Fitoterapia\/wp-json\/wp\/v2\/pages\/106\/revisions\/231"}],"wp:attachment":[{"href":"https:\/\/dawidnow.whshost.com\/Fitoterapia\/wp-json\/wp\/v2\/media?parent=106"}],"curies":[{"name":"wp","href":"https:\/\/api.w.org\/{rel}","templated":true}]}}