{"id":105,"date":"2023-04-05T19:02:25","date_gmt":"2023-04-05T17:02:25","guid":{"rendered":"https:\/\/dawidnow.whshost.com\/Fitoterapia\/?page_id=105"},"modified":"2023-04-06T01:26:06","modified_gmt":"2023-04-05T23:26:06","slug":"czosnek-niedzwiedzi","status":"publish","type":"page","link":"https:\/\/dawidnow.whshost.com\/Fitoterapia\/czosnek-niedzwiedzi\/","title":{"rendered":"Czosnek nied\u017awiedzi"},"content":{"rendered":"\n<p>Czosnek nied\u017awiedzi to bylina nale\u017c\u0105ca do grupy ro\u015blin cieniolubnych, najcz\u0119\u015bciej wyst\u0119puje w miejscach o du\u017cej wilgotno\u015bci, gdzie ro\u015bnie w du\u017cych skupiskach.<a id=\"sdfootnote1anc\" href=\"#sdfootnote1sym\"><sup>1<\/sup><\/a> Ro\u015blina ta zawiera flawonoidy, chlorofil, karotenoidy.<a id=\"sdfootnote2anc\" href=\"#sdfootnote2sym\"><sup>2<\/sup><\/a> Cechuje j\u0105 dzia\u0142anie antyseptyczne, bakteriostatyczne, przeciw paso\u017cytnicze, przeciwzapalne oraz ochronne przy arytmii serca w przebiegu choroby niedokrwiennej serca.<\/p>\n\n\n\n<p>Najbardziej aromatyczne i smaczne s\u0105 \u015bwie\u017ce li\u015bcie. S\u0105 \u015bwietnym dodatkiem do potraw r\u00f3\u017cnego typu np. twarog\u00f3w, mas\u0142a lub \u017c\u00f3\u0142tego sera.<\/p>\n\n\n<div class=\"wp-block-image\">\n<figure class=\"aligncenter size-large is-resized\"><img loading=\"lazy\" decoding=\"async\" src=\"https:\/\/dawidnow.whshost.com\/Fitoterapia\/wp-content\/uploads\/2023\/04\/Czosnek-niedzwiedzi-1024x1024.jpg\" alt=\"\" class=\"wp-image-171\" width=\"489\" height=\"489\" srcset=\"https:\/\/dawidnow.whshost.com\/Fitoterapia\/wp-content\/uploads\/2023\/04\/Czosnek-niedzwiedzi-1024x1024.jpg 1024w, https:\/\/dawidnow.whshost.com\/Fitoterapia\/wp-content\/uploads\/2023\/04\/Czosnek-niedzwiedzi-300x300.jpg 300w, https:\/\/dawidnow.whshost.com\/Fitoterapia\/wp-content\/uploads\/2023\/04\/Czosnek-niedzwiedzi-150x150.jpg 150w, https:\/\/dawidnow.whshost.com\/Fitoterapia\/wp-content\/uploads\/2023\/04\/Czosnek-niedzwiedzi-768x768.jpg 768w, https:\/\/dawidnow.whshost.com\/Fitoterapia\/wp-content\/uploads\/2023\/04\/Czosnek-niedzwiedzi.jpg 1280w\" sizes=\"auto, (max-width: 489px) 100vw, 489px\" \/><\/figure>\n<\/div>","protected":false},"excerpt":{"rendered":"<p>Czosnek nied\u017awiedzi to bylina nale\u017c\u0105ca do grupy ro\u015blin cieniolubnych, najcz\u0119\u015bciej wyst\u0119puje w miejscach o du\u017cej&#8230;<\/p>\n","protected":false},"author":1,"featured_media":0,"parent":0,"menu_order":0,"comment_status":"closed","ping_status":"closed","template":"","meta":{"footnotes":""},"class_list":["post-105","page","type-page","status-publish","hentry"],"_links":{"self":[{"href":"https:\/\/dawidnow.whshost.com\/Fitoterapia\/wp-json\/wp\/v2\/pages\/105","targetHints":{"allow":["GET"]}}],"collection":[{"href":"https:\/\/dawidnow.whshost.com\/Fitoterapia\/wp-json\/wp\/v2\/pages"}],"about":[{"href":"https:\/\/dawidnow.whshost.com\/Fitoterapia\/wp-json\/wp\/v2\/types\/page"}],"author":[{"embeddable":true,"href":"https:\/\/dawidnow.whshost.com\/Fitoterapia\/wp-json\/wp\/v2\/users\/1"}],"replies":[{"embeddable":true,"href":"https:\/\/dawidnow.whshost.com\/Fitoterapia\/wp-json\/wp\/v2\/comments?post=105"}],"version-history":[{"count":3,"href":"https:\/\/dawidnow.whshost.com\/Fitoterapia\/wp-json\/wp\/v2\/pages\/105\/revisions"}],"predecessor-version":[{"id":206,"href":"https:\/\/dawidnow.whshost.com\/Fitoterapia\/wp-json\/wp\/v2\/pages\/105\/revisions\/206"}],"wp:attachment":[{"href":"https:\/\/dawidnow.whshost.com\/Fitoterapia\/wp-json\/wp\/v2\/media?parent=105"}],"curies":[{"name":"wp","href":"https:\/\/api.w.org\/{rel}","templated":true}]}}