{"id":104,"date":"2023-04-05T19:02:25","date_gmt":"2023-04-05T17:02:25","guid":{"rendered":"https:\/\/dawidnow.whshost.com\/Fitoterapia\/?page_id=104"},"modified":"2023-04-06T01:25:56","modified_gmt":"2023-04-05T23:25:56","slug":"czarnuszka-siewna","status":"publish","type":"page","link":"https:\/\/dawidnow.whshost.com\/Fitoterapia\/czarnuszka-siewna\/","title":{"rendered":"Czarnuszka siewna"},"content":{"rendered":"\n<p>Czarnuszka siewna jest to ro\u015blina nale\u017c\u0105ca do rodziny jaskrowatych, nazywa si\u0119 j\u0105 r\u00f3wnie\u017c czarnym sezamem, poniewa\u017c dost\u0119pna jest pod postaci\u0105 drobnych czarnych nasion (ryc.13). W celach leczniczych skuteczniejszy jest olej z czarnuszki, kt\u00f3rego mo\u017cna u\u017cywa\u0107 zewn\u0119trznie i wewn\u0119trznie. Nie jest wiadome jak dok\u0142adnie wygl\u0105da mechanizm dzia\u0142ania czarnuszki wspomagaj\u0105cy zwalczanie tasiemc\u00f3w i przywr w organizmie, ale zosta\u0142a stwierdzona widoczna korelacja mi\u0119dzy za\u017cywaniem oleju z tej ro\u015bliny, a wzmocnieniem uk\u0142adu immunologicznego i popraw\u0105 funkcji w\u0105troby. Czarnuszk\u0119 cz\u0119sto mo\u017cna spotka\u0107 jako dodatek do pieczywa lub sa\u0142atek.<\/p>\n\n\n<div class=\"wp-block-image\">\n<figure class=\"aligncenter size-full is-resized\"><img loading=\"lazy\" decoding=\"async\" src=\"https:\/\/dawidnow.whshost.com\/Fitoterapia\/wp-content\/uploads\/2023\/04\/Czarnuszka.jpeg\" alt=\"\" class=\"wp-image-168\" width=\"410\" height=\"410\" srcset=\"https:\/\/dawidnow.whshost.com\/Fitoterapia\/wp-content\/uploads\/2023\/04\/Czarnuszka.jpeg 600w, https:\/\/dawidnow.whshost.com\/Fitoterapia\/wp-content\/uploads\/2023\/04\/Czarnuszka-300x300.jpeg 300w, https:\/\/dawidnow.whshost.com\/Fitoterapia\/wp-content\/uploads\/2023\/04\/Czarnuszka-150x150.jpeg 150w\" sizes=\"auto, (max-width: 410px) 100vw, 410px\" \/><\/figure>\n<\/div>","protected":false},"excerpt":{"rendered":"<p>Czarnuszka siewna jest to ro\u015blina nale\u017c\u0105ca do rodziny jaskrowatych, nazywa si\u0119 j\u0105 r\u00f3wnie\u017c czarnym sezamem,&#8230;<\/p>\n","protected":false},"author":1,"featured_media":0,"parent":0,"menu_order":0,"comment_status":"closed","ping_status":"closed","template":"","meta":{"footnotes":""},"class_list":["post-104","page","type-page","status-publish","hentry"],"_links":{"self":[{"href":"https:\/\/dawidnow.whshost.com\/Fitoterapia\/wp-json\/wp\/v2\/pages\/104","targetHints":{"allow":["GET"]}}],"collection":[{"href":"https:\/\/dawidnow.whshost.com\/Fitoterapia\/wp-json\/wp\/v2\/pages"}],"about":[{"href":"https:\/\/dawidnow.whshost.com\/Fitoterapia\/wp-json\/wp\/v2\/types\/page"}],"author":[{"embeddable":true,"href":"https:\/\/dawidnow.whshost.com\/Fitoterapia\/wp-json\/wp\/v2\/users\/1"}],"replies":[{"embeddable":true,"href":"https:\/\/dawidnow.whshost.com\/Fitoterapia\/wp-json\/wp\/v2\/comments?post=104"}],"version-history":[{"count":3,"href":"https:\/\/dawidnow.whshost.com\/Fitoterapia\/wp-json\/wp\/v2\/pages\/104\/revisions"}],"predecessor-version":[{"id":205,"href":"https:\/\/dawidnow.whshost.com\/Fitoterapia\/wp-json\/wp\/v2\/pages\/104\/revisions\/205"}],"wp:attachment":[{"href":"https:\/\/dawidnow.whshost.com\/Fitoterapia\/wp-json\/wp\/v2\/media?parent=104"}],"curies":[{"name":"wp","href":"https:\/\/api.w.org\/{rel}","templated":true}]}}