{"id":10,"date":"2023-03-29T17:15:22","date_gmt":"2023-03-29T15:15:22","guid":{"rendered":"https:\/\/dawidnow.whshost.com\/Fitoterapia\/?page_id=10"},"modified":"2023-04-05T23:51:56","modified_gmt":"2023-04-05T21:51:56","slug":"pasozyty","status":"publish","type":"page","link":"https:\/\/dawidnow.whshost.com\/Fitoterapia\/pasozyty\/","title":{"rendered":"Paso\u017cyty"},"content":{"rendered":"\n<p>Paso\u017cyty towarzysz\u0105 ludziom od pokole\u0144 i chocia\u017c du\u017ca liczba os\u00f3b zdaje sobie z tego spraw\u0119 to nie przyk\u0142ada do tego zbytnio uwagi i pomija wizyty u specjalisty. Paso\u017cytnictwo to interakcja, w kt\u00f3rej paso\u017cyt od\u017cywia si\u0119 kosztem \u017cywiciela. Mo\u017cna te organizmy podzieli\u0107 na kilka sposob\u00f3w: ze wzgl\u0119du na miejsce paso\u017cytowania, ze wzgl\u0119du na stopie\u0144 kontaktu z \u017cywicielem oraz ze wzgl\u0119du na inne formy paso\u017cytnictwa. W zale\u017cno\u015bci od miejsca paso\u017cytowania organizmy te dziel\u0105 si\u0119 na paso\u017cyty zewn\u0119trzne, takie kt\u00f3re wyst\u0119puj\u0105 na powierzchni cia\u0142a \u017cywiciela, na przyk\u0142ad wesz, nu\u017ceniec oraz na paso\u017cyty wewn\u0119trzne, czyli takie kt\u00f3re wyst\u0119puj\u0105 we wn\u0119trzu cia\u0142a \u017cywiciela, na przyk\u0142ad tasiemiec, owsik czy t\u0119goryjec dwunastnicy. Zdecydowanie wi\u0119cej jest paso\u017cyt\u00f3w bytuj\u0105cych we wn\u0119trzu organizmu.<\/p>\n\n\n\n<figure class=\"wp-block-image size-large is-resized\"><img loading=\"lazy\" decoding=\"async\" src=\"https:\/\/dawidnow.whshost.com\/Fitoterapia\/wp-content\/uploads\/2023\/04\/diagram_podzial_pasozytow-1024x576.png\" alt=\"\" class=\"wp-image-177\" width=\"840\" height=\"472\" srcset=\"https:\/\/dawidnow.whshost.com\/Fitoterapia\/wp-content\/uploads\/2023\/04\/diagram_podzial_pasozytow-1024x576.png 1024w, https:\/\/dawidnow.whshost.com\/Fitoterapia\/wp-content\/uploads\/2023\/04\/diagram_podzial_pasozytow-300x169.png 300w, https:\/\/dawidnow.whshost.com\/Fitoterapia\/wp-content\/uploads\/2023\/04\/diagram_podzial_pasozytow-768x432.png 768w, https:\/\/dawidnow.whshost.com\/Fitoterapia\/wp-content\/uploads\/2023\/04\/diagram_podzial_pasozytow-1536x864.png 1536w, https:\/\/dawidnow.whshost.com\/Fitoterapia\/wp-content\/uploads\/2023\/04\/diagram_podzial_pasozytow-1280x720.png 1280w, https:\/\/dawidnow.whshost.com\/Fitoterapia\/wp-content\/uploads\/2023\/04\/diagram_podzial_pasozytow.png 1920w\" sizes=\"auto, (max-width: 840px) 100vw, 840px\" \/><\/figure>\n","protected":false},"excerpt":{"rendered":"<p>Paso\u017cyty towarzysz\u0105 ludziom od pokole\u0144 i chocia\u017c du\u017ca liczba os\u00f3b zdaje sobie z tego spraw\u0119&#8230;<\/p>\n","protected":false},"author":1,"featured_media":0,"parent":0,"menu_order":0,"comment_status":"closed","ping_status":"closed","template":"","meta":{"footnotes":""},"class_list":["post-10","page","type-page","status-publish","hentry"],"_links":{"self":[{"href":"https:\/\/dawidnow.whshost.com\/Fitoterapia\/wp-json\/wp\/v2\/pages\/10","targetHints":{"allow":["GET"]}}],"collection":[{"href":"https:\/\/dawidnow.whshost.com\/Fitoterapia\/wp-json\/wp\/v2\/pages"}],"about":[{"href":"https:\/\/dawidnow.whshost.com\/Fitoterapia\/wp-json\/wp\/v2\/types\/page"}],"author":[{"embeddable":true,"href":"https:\/\/dawidnow.whshost.com\/Fitoterapia\/wp-json\/wp\/v2\/users\/1"}],"replies":[{"embeddable":true,"href":"https:\/\/dawidnow.whshost.com\/Fitoterapia\/wp-json\/wp\/v2\/comments?post=10"}],"version-history":[{"count":13,"href":"https:\/\/dawidnow.whshost.com\/Fitoterapia\/wp-json\/wp\/v2\/pages\/10\/revisions"}],"predecessor-version":[{"id":178,"href":"https:\/\/dawidnow.whshost.com\/Fitoterapia\/wp-json\/wp\/v2\/pages\/10\/revisions\/178"}],"wp:attachment":[{"href":"https:\/\/dawidnow.whshost.com\/Fitoterapia\/wp-json\/wp\/v2\/media?parent=10"}],"curies":[{"name":"wp","href":"https:\/\/api.w.org\/{rel}","templated":true}]}}